{"id":815,"date":"2021-10-26T00:45:41","date_gmt":"2021-10-25T17:45:41","guid":{"rendered":"http:\/\/phukienvungtau68.com\/?post_type=product&#038;p=815"},"modified":"2021-10-26T00:45:41","modified_gmt":"2021-10-25T17:45:41","slug":"pin-sac-du-phong-vivan-vpb-h20s-20-000mah-3-cong-sac-ra-3-cong-sac-vao-22-5w","status":"publish","type":"product","link":"https:\/\/phukienvungtau68.com\/index.php\/product\/pin-sac-du-phong-vivan-vpb-h20s-20-000mah-3-cong-sac-ra-3-cong-sac-vao-22-5w\/","title":{"rendered":"Pin S\u1ea1c D\u1ef1 Ph\u00f2ng VIVAN VPB-H20S 20.000mAh, 3 c\u1ed5ng s\u1ea1c&hellip;"},"content":{"rendered":"<p>Pin S\u1ea1c D\u1ef1 Ph\u00f2ng VIVAN VPB-H20S 20.000mAh, 3 c\u1ed5ng s\u1ea1c ra &amp; 3 c\u1ed5ng s\u1ea1c v\u00e0o 22.5W Quick Charge LED Hi\u1ec3n Th\u1ecb Pin, k\u00e8m c\u00e1p s\u1ea1c<br \/>\n\ud83d\udca5 Th\u00f4ng tin s\u1ea3n ph\u1ea9m<br \/>\nM\u00e3 s\u1ea3n ph\u1ea9m : VPB-H20S<br \/>\nDung l\u01b0\u1ee3ng Pin : 20,000mAh<br \/>\nInput Lightning \/ Micro: 5V 2A, 9V 2A<br \/>\nOutput OUT1 \/ OUT2: 4.5V 5A, 5V 4.5A, 9V 2A, 12V 1.5A<br \/>\nInput Type-C: 5V 3A, 9V 2A<br \/>\nOutput Type-C: 5V 3A, 9V 2A, 12V 1.5A<br \/>\nM\u00e0n h\u00ecnh hi\u1ec3n th\u1ecb th\u1eddi l\u01b0\u1ee3ng pin<br \/>\n&#8211; Pin s\u1ea1c d\u1ef1 ph\u00f2ng t\u00edch h\u1ee3p c\u1ed5ng \u0111\u1ea7u v\u00e0o v\u00e0 \u0111\u1ea7u ra chu\u1ea9n PD, c\u1ed5ng \u0111\u1ea7u v\u00e0o Lightning, Micro v\u00e0 2 c\u1ed5ng USB \u0111\u1ea7u ra, k\u00e8m c\u00e1p truy\u1ec1n d\u1eef li\u1ec7u s\u1ea1c nhanh Type-C 3A si\u00eau t\u1ed1c.<br \/>\n\u25fc T\u00ednh n\u0103ng:<br \/>\n\u2714 8 l\u1edbp b\u1ea3o v\u1ec7 an to\u00e0n, s\u1ea1c nhanh kh\u00f4ng h\u1ecfng m\u00e1y, bao g\u1ed3m: ch\u1ed1ng s\u1ea1c qu\u00e1 m\u1ee9c, ch\u1ed1ng ch\u1eadp, ch\u1ed1ng qu\u00e1 \u00e1p, ch\u1ed1ng qu\u00e1 d\u00f2ng, ch\u1ed1ng qu\u00e1 t\u1ea3i, ch\u1ed1ng \u0111o\u1ea3n m\u1ea1ch, ch\u1ed1ng v\u01b0\u1ee3t c\u00f4ng su\u1ea5t, ch\u1ed1ng qu\u00e1 nhi\u1ec7t.<br \/>\n\u2714 Ngu\u1ed3n s\u1ea1c ra 5A, c\u1ed5ng USB \u0111\u1ea7u ra t\u00edch h\u1ee3p s\u1ea1c nhanh c\u00f4ng su\u1ea5t l\u1edbn 22.5W, c\u1ed5ng Type-C t\u00edch h\u1ee3p s\u1ea1c nhanh c\u00f4ng su\u1ea5t 18W, pin s\u1ea1c d\u1ef1 ph\u00f2ng dung l\u01b0\u1ee3ng l\u1edbn, c\u00f3 th\u1ec3 s\u1ea1c c\u00f9ng l\u00fac cho 3 thi\u1ebft b\u1ecb.<br \/>\n\u2714 H\u1ed7 tr\u1ee3 s\u1ea1c nhanh chu\u1ea9n PD\/QC 3.0. C\u00e1c d\u00f2ng iPhone 8 tr\u1edf l\u00ean, \u0111\u1ec1u \u0111\u01b0\u1ee3c t\u00edch h\u1ee3p s\u1ea1c nhanh c\u00f4ng su\u1ea5t l\u1edbn 18W, iPhone X s\u1ea1c \u0111\u01b0\u1ee3c \u0111\u1ebfn 50% trong 30 ph\u00fat, s\u1ea1c nhanh ch\u00f3ng, ti\u1ebft ki\u1ec7m th\u1eddi gian.<br \/>\n\u2714 Pin s\u1ea1c d\u1ef1 ph\u00f2ng VPB-H20S th\u1eddi gian t\u1ef1 s\u1ea1c \u0111\u1ea7y nhanh, \u0111\u01b0\u1ee3c s\u1ea1c \u0111\u1ea7y trong 7H.<br \/>\n\u2714 Dung l\u01b0\u1ee3ng 20.000mAh c\u1ee7a s\u1ea1c d\u1ef1 ph\u00f2ng VPB-H20S s\u1ea1c \u0111\u01b0\u1ee3c 7,6 l\u1ea7n iPhone 8, 4,1 l\u1ea7n Samsung S10 v\u00e0 kho\u1ea3ng 3,5 l\u1ea7n Redmi Note 7.<br \/>\n\u2714 Ph\u00f9 h\u1ee3p quy \u0111\u1ecbnh H\u00e0ng kh\u00f4ng d\u00e2n d\u1ee5ng.<\/p>\n<p>\ud83d\udca5 Th\u00f4ng tin b\u1ea3o h\u00e0nh<br \/>\n\u2714 Th\u1eddi gian b\u1ea3o h\u00e0nh: 6 th\u00e1ng ho\u1eb7c 12 th\u00e1ng t\u00f9y l\u1ef1a ch\u1ecdn c\u1ee7a kh\u00e1ch h\u00e0ng n\u1ebfu c\u00f3 l\u1ed7i t\u1eeb nh\u00e0 s\u1ea3n xu\u1ea5t.<br \/>\n\u2714 H\u00ecnh th\u1ee9c b\u1ea3o h\u00e0nh: 1 \u0111\u1ed5i 1 trong 6 th\u00e1ng \u0111\u1ea7u ti\u00ean, 6 th\u00e1ng ti\u1ebfp theo b\u1ea3o h\u00e0nh theo ti\u00eau chu\u1ea9n c\u1ee7a shop<\/p>\n<p>\ud83c\udfe0 G\u1ea5u shop \u2013 Chuy\u00ean ph\u1ee5 ki\u1ec7n \u0111i\u1ec7n tho\u1ea1i, \u0111\u1ed3 c\u00f4ng ngh\u1ec7 h\u00e0ng ch\u00ednh h\u00e3ng b\u1ea3o h\u00e0nh l\u00ean \u0111\u1ebfn 12 th\u00e1ng<br \/>\n\u2714\ufe0f Ship h\u00e0ng to\u00e0n qu\u1ed1c \u2013 ki\u1ec3m tra h\u00e0ng thanh to\u00e1n.<br \/>\n\u2714\ufe0f Ph\u1ee5 ki\u1ec7n Iphone, Samsung, oppo.<br \/>\n\u2714\ufe0f C\u1ee7 s\u1ea1c, d\u00e2y s\u1ea1c.<br \/>\n\u2714\ufe0f Pin s\u1ea1c d\u1ef1 ph\u00f2ng 10.000 \u2013 20.000 mah.<br \/>\n\u2714\ufe0f Loa Bluetooth, karaoke.<br \/>\n\u2714\ufe0f Tai nghe Bluetooth airpods, inpods 12, Hoco, Vivan.<br \/>\n\u2714\ufe0f \u1ed0p l\u01b0ng, c\u01b0\u1eddng l\u1ef1c \u0111i\u1ec7n tho\u1ea1i, \u1ed1p tai nghe airpods.<br \/>\n\u260e\ufe0f Hotline: 0797 180 750 (zalo) \u2013 033 95 333 75<br \/>\n\ud83c\udfe0 \u0110c: 213\/3\/1B L\u00ea H\u1ed3ng Phong, Ph\u01b0\u1eddng 8, Tp. V\u0169ng T\u00e0u, BRVT.<\/p>\n","protected":false},"excerpt":{"rendered":"<p>Pin S\u1ea1c D\u1ef1 Ph\u00f2ng VIVAN VPB-H20S 20.000mAh, 3 c\u1ed5ng s\u1ea1c ra &amp; 3 c\u1ed5ng s\u1ea1c v\u00e0o 22.5W Quick Charge LED Hi\u1ec3n Th\u1ecb Pin, k\u00e8m c\u00e1p s\u1ea1c \ud83d\udca5 Th\u00f4ng tin s\u1ea3n ph\u1ea9m M\u00e3 s\u1ea3n ph\u1ea9m : VPB-H20S Dung l\u01b0\u1ee3ng Pin : 20,000mAh Input Lightning \/ Micro: 5V 2A, 9V 2A Output OUT1 \/ OUT2: 4.5V 5A,<\/p>\n","protected":false},"featured_media":816,"template":"","meta":{"om_disable_all_campaigns":false,"_monsterinsights_skip_tracking":false,"_monsterinsights_sitenote_active":false,"_monsterinsights_sitenote_note":"","_monsterinsights_sitenote_category":0},"product_cat":[32],"product_tag":[],"_links":{"self":[{"href":"https:\/\/phukienvungtau68.com\/index.php\/wp-json\/wp\/v2\/product\/815"}],"collection":[{"href":"https:\/\/phukienvungtau68.com\/index.php\/wp-json\/wp\/v2\/product"}],"about":[{"href":"https:\/\/phukienvungtau68.com\/index.php\/wp-json\/wp\/v2\/types\/product"}],"wp:featuredmedia":[{"embeddable":true,"href":"https:\/\/phukienvungtau68.com\/index.php\/wp-json\/wp\/v2\/media\/816"}],"wp:attachment":[{"href":"https:\/\/phukienvungtau68.com\/index.php\/wp-json\/wp\/v2\/media?parent=815"}],"wp:term":[{"taxonomy":"product_cat","embeddable":true,"href":"https:\/\/phukienvungtau68.com\/index.php\/wp-json\/wp\/v2\/product_cat?post=815"},{"taxonomy":"product_tag","embeddable":true,"href":"https:\/\/phukienvungtau68.com\/index.php\/wp-json\/wp\/v2\/product_tag?post=815"}],"curies":[{"name":"wp","href":"https:\/\/api.w.org\/{rel}","templated":true}]}}