{"id":821,"date":"2021-10-26T00:49:07","date_gmt":"2021-10-25T17:49:07","guid":{"rendered":"http:\/\/phukienvungtau68.com\/?post_type=product&#038;p=821"},"modified":"2021-10-26T00:49:08","modified_gmt":"2021-10-25T17:49:08","slug":"pin-sac-du-phong-10000mah-sac-nhanh-pd-qc-3-0-vivan-vpb-x10-20w-2output-type-c-usb","status":"publish","type":"product","link":"https:\/\/phukienvungtau68.com\/index.php\/product\/pin-sac-du-phong-10000mah-sac-nhanh-pd-qc-3-0-vivan-vpb-x10-20w-2output-type-c-usb\/","title":{"rendered":"Pin S\u1ea1c D\u1ef1 Ph\u00f2ng 10000mAh S\u1ea1c Nhanh PD\/QC 3.0 VIVAN&hellip;"},"content":{"rendered":"<p>Pin S\u1ea1c D\u1ef1 Ph\u00f2ng 10000mAh S\u1ea1c Nhanh PD\/QC 3.0 VIVAN VPB-X10 20W &#8211; 2Output Type C &amp; USB &#8211; B\u1ea2O H\u00c0NH 12 TH\u00c1NG<br \/>\n\ud83d\udca5 Th\u00f4ng tin s\u1ea3n ph\u1ea9m<br \/>\n1. Dung l\u01b0\u1ee3ng th\u1ef1c 10.000mAh<br \/>\n2. S\u1ea1c nhanh (PD \/ QC 3.0)<br \/>\n3. 2 C\u1ed5ng \u0111\u1ea7u ra: Type-C &amp; USB -A<br \/>\n4. Tr\u1ecdng l\u01b0\u1ee3ng si\u00eau nh\u1eb9: 238gram, d\u00e0y 15mm<br \/>\n5. S\u1ea1c \u0111\u1ea7y nhanh ch\u00f3ng ch\u1ec9 3.5h<br \/>\n6. M\u00e0u s\u1eafc : Blue and Black<\/p>\n<p>\ud83d\udca5 B\u1ed9 s\u1ea3n ph\u1ea9m g\u1ed3m:<br \/>\n&#8211; Pin s\u1ea1c d\u1ef1 ph\u00f2ng 1 s\u1ea1c pin VPB-X10 &amp; 1 c\u00e1p s\u1ea1c pin Type C<br \/>\n&#8211; C\u00e1p USB to type-C 3A<\/p>\n<p>III.T\u00ednh n\u0103ng VIVAN VPB-X10:<br \/>\n\u2714 M\u00e0n h\u00ecnh hi\u1ec3n th\u1ecb ph\u1ea7n tr\u0103m pin gi\u00fap b\u1ea1n d\u1ec5 d\u00e0ng trong vi\u1ec7c s\u1eed d\u1ee5ng<br \/>\n\u2714S\u1eed d\u1ee5ng l\u00f5i pin cao c\u1ea5p v\u00e0 b\u1ec1n b\u1ec9 , dung l\u01b0\u1ee3ng th\u1ef1c cho hi\u1ec7u su\u1ea5t cao<br \/>\n\u2714 C\u1ed5ng ra Type-C &amp; USB -A t\u00edch h\u1ee3p s\u1ea1c nhanh c\u00f4ng su\u1ea5t 20W, pin s\u1ea1c d\u1ef1 ph\u00f2ng dung l\u01b0\u1ee3ng l\u1edbn, c\u00f3 th\u1ec3 s\u1ea1c c\u00f9ng l\u00fac cho 2 thi\u1ebft b\u1ecb gi\u00fap ti\u1ebft ki\u1ec7m t\u1ed1i \u0111a th\u1eddi gian s\u1ea1c v\u00e0 v\u1eabn an to\u00e0n khi s\u1ea1c<br \/>\n\u2714Tr\u1ecdng l\u01b0\u1ee3ng nh\u1ecf g\u1ecd n ch\u1ec9 238g v\u00e0 ch\u1ec9 d\u00e0y 15mm nh\u1ecf g\u1ecdn ti\u1ec7n d\u1ee5ng \u0111\u1ec3 mang theo b\u00ean m\u00ecnh.<br \/>\n\u2714 H\u1ed7 tr\u1ee3 s\u1ea1c nhanh chu\u1ea9n PD\/QC 3.0. C\u00e1c d\u00f2ng iPhone 8-12 v\u00e0 s\u1ea1c nhanh cho Samsung, Xiaomi, Huawei,&#8230;<br \/>\n\u2714 Pin s\u1ea1c d\u1ef1 ph\u00f2ng VPB-X10 th\u1eddi gian t\u1ef1 s\u1ea1c \u0111\u1ea7y nhanh, \u0111\u01b0\u1ee3c s\u1ea1c \u0111\u1ea7y trong 3.5H si\u00eau nhanh si\u00eau ti\u1ebft ki\u1ec7m th\u1eddi gian.S\u1ea1c \u0111\u01b0\u1ee3c kho\u1ea3ng 3,7 l\u1ea7n iPhone 8, 2 l\u1ea7n Samsung S10 , 1.7l\u1ea7n Realme Pro 5 v\u00e0 kho\u1ea3ng 1.7 l\u1ea7n Oppo Reno2<br \/>\n\u2714 Ph\u00f9 h\u1ee3p quy \u0111\u1ecbnh v\u1edbi quy \u0111\u1ecbnh c\u1ee7a c\u00e1c h\u00e3ng kh\u00f4ng d\u00e2n d\u1ee5ng c\u00f3 th\u1ec3 \u0111em l\u00ean m\u00e1y bay<\/p>\n<p>\ud83d\udca5 Th\u00f4ng tin b\u1ea3o h\u00e0nh<br \/>\n\u2714 Th\u1eddi gian b\u1ea3o h\u00e0nh: 6 th\u00e1ng ho\u1eb7c 12 th\u00e1ng t\u00f9y l\u1ef1a ch\u1ecdn c\u1ee7a kh\u00e1ch h\u00e0ng n\u1ebfu c\u00f3 l\u1ed7i t\u1eeb nh\u00e0 s\u1ea3n xu\u1ea5t.<br \/>\n\u2714 H\u00ecnh th\u1ee9c b\u1ea3o h\u00e0nh: 1 \u0111\u1ed5i 1 trong 6 th\u00e1ng \u0111\u1ea7u ti\u00ean, 6 th\u00e1ng ti\u1ebfp theo b\u1ea3o h\u00e0nh theo ti\u00eau chu\u1ea9n c\u1ee7a shop<\/p>\n<p>\ud83c\udfe0 G\u1ea5u shop \u2013 Chuy\u00ean ph\u1ee5 ki\u1ec7n \u0111i\u1ec7n tho\u1ea1i, \u0111\u1ed3 c\u00f4ng ngh\u1ec7 h\u00e0ng ch\u00ednh h\u00e3ng b\u1ea3o h\u00e0nh l\u00ean \u0111\u1ebfn 12 th\u00e1ng<br \/>\n\u2714\ufe0f Ship h\u00e0ng to\u00e0n qu\u1ed1c \u2013 ki\u1ec3m tra h\u00e0ng thanh to\u00e1n.<br \/>\n\u2714\ufe0f Ph\u1ee5 ki\u1ec7n Iphone, Samsung, oppo.<br \/>\n\u2714\ufe0f C\u1ee7 s\u1ea1c, d\u00e2y s\u1ea1c.<br \/>\n\u2714\ufe0f Pin s\u1ea1c d\u1ef1 ph\u00f2ng 10.000 \u2013 20.000 mah.<br \/>\n\u2714\ufe0f Loa Bluetooth, karaoke.<br \/>\n\u2714\ufe0f Tai nghe Bluetooth airpods, inpods 12, Hoco, Vivan.<br \/>\n\u2714\ufe0f \u1ed0p l\u01b0ng, c\u01b0\u1eddng l\u1ef1c \u0111i\u1ec7n tho\u1ea1i, \u1ed1p tai nghe airpods.<br \/>\n\u260e\ufe0f Hotline: 0797 180 750 (zalo) \u2013 033 95 333 75<br \/>\n\ud83c\udfe0 \u0110c: 213\/3\/1B L\u00ea H\u1ed3ng Phong, Ph\u01b0\u1eddng 8, Tp. V\u0169ng T\u00e0u, BRVT.<\/p>\n","protected":false},"excerpt":{"rendered":"<p>Pin S\u1ea1c D\u1ef1 Ph\u00f2ng 10000mAh S\u1ea1c Nhanh PD\/QC 3.0 VIVAN VPB-X10 20W &#8211; 2Output Type C &amp; USB &#8211; B\u1ea2O H\u00c0NH 12 TH\u00c1NG \ud83d\udca5 Th\u00f4ng tin s\u1ea3n ph\u1ea9m 1. Dung l\u01b0\u1ee3ng th\u1ef1c 10.000mAh 2. S\u1ea1c nhanh (PD \/ QC 3.0) 3. 2 C\u1ed5ng \u0111\u1ea7u ra: Type-C &amp; USB -A 4. Tr\u1ecdng l\u01b0\u1ee3ng si\u00eau nh\u1eb9: 238gram,<\/p>\n","protected":false},"featured_media":822,"template":"","meta":{"om_disable_all_campaigns":false,"_monsterinsights_skip_tracking":false,"_monsterinsights_sitenote_active":false,"_monsterinsights_sitenote_note":"","_monsterinsights_sitenote_category":0},"product_cat":[32],"product_tag":[],"_links":{"self":[{"href":"https:\/\/phukienvungtau68.com\/index.php\/wp-json\/wp\/v2\/product\/821"}],"collection":[{"href":"https:\/\/phukienvungtau68.com\/index.php\/wp-json\/wp\/v2\/product"}],"about":[{"href":"https:\/\/phukienvungtau68.com\/index.php\/wp-json\/wp\/v2\/types\/product"}],"wp:featuredmedia":[{"embeddable":true,"href":"https:\/\/phukienvungtau68.com\/index.php\/wp-json\/wp\/v2\/media\/822"}],"wp:attachment":[{"href":"https:\/\/phukienvungtau68.com\/index.php\/wp-json\/wp\/v2\/media?parent=821"}],"wp:term":[{"taxonomy":"product_cat","embeddable":true,"href":"https:\/\/phukienvungtau68.com\/index.php\/wp-json\/wp\/v2\/product_cat?post=821"},{"taxonomy":"product_tag","embeddable":true,"href":"https:\/\/phukienvungtau68.com\/index.php\/wp-json\/wp\/v2\/product_tag?post=821"}],"curies":[{"name":"wp","href":"https:\/\/api.w.org\/{rel}","templated":true}]}}