{"id":831,"date":"2021-10-26T00:52:11","date_gmt":"2021-10-25T17:52:11","guid":{"rendered":"http:\/\/phukienvungtau68.com\/?post_type=product&#038;p=831"},"modified":"2021-10-26T00:52:11","modified_gmt":"2021-10-25T17:52:11","slug":"pin-sac-du-phong-30000mah-robot-rt30-sac-nhanh-pd-qc-3-0-22-5w-5a-2-input-3-output","status":"publish","type":"product","link":"https:\/\/phukienvungtau68.com\/index.php\/product\/pin-sac-du-phong-30000mah-robot-rt30-sac-nhanh-pd-qc-3-0-22-5w-5a-2-input-3-output\/","title":{"rendered":"Pin S\u1ea1c D\u1ef1 Ph\u00f2ng 30000mAh ROBOT RT30 S\u1ea1c Nhanh PD\/QC&hellip;"},"content":{"rendered":"<p>Pin S\u1ea1c D\u1ef1 Ph\u00f2ng 30000mAh ROBOT RT30 S\u1ea1c Nhanh PD\/QC 3.0 22.5W 5A &#8211; 2 Input &amp; 3 Output &#8211; B\u1ea2O H\u00c0NH 12 TH\u00c1NG<br \/>\n\ud83d\udca5 Th\u00f4ng tin s\u1ea3n ph\u1ea9m<br \/>\n\u2705 Model: RT30<br \/>\n\u2705 C\u00f4ng su\u1ea5t: 5A<br \/>\n\u2705 S\u1ea1c nhanh QC 3.0\/PD<br \/>\n\u2705 Power: 111 Wh<br \/>\n\u2705 2 Input: Micro (5V\/2A, 9V\/2A)<br \/>\nType-C (5V\/3A, 9V\/2A)<br \/>\n\u2705 3 Output: Type-C (5V\/3A, 9V\/2A, 12V\/1.5A)<br \/>\nUSB OUTPUT1: 4.5V\/5A, 5V\/4.5A, 9V\/2A, 12V\/1.5A)<br \/>\nUSB OUTPUT1: 4.5V\/5A, 5V\/4.5A, 9V\/2A, 12V\/1.5A)<br \/>\n\u2705 S\u1ea3n ph\u1ea9m \u0111\u01b0\u1ee3c t\u1eb7ng k\u00e8m c\u00e1p s\u1ea1c nhanh Type- 3A (h\u1ed7 tr\u1ee3 s\u1ea1c nhanh cho thi\u1ebft b\u1ecb)<br \/>\n\u2705 S\u1ea1c c\u00f9ng l\u00fac 3 thi\u1ebft b\u1ecb<br \/>\n\u2705 H\u1ed7 tr\u1ee3 s\u1ea1c nhanh 18W chu\u1ea9n PD cho c\u00e1c d\u00f2ng iPhone 8 \u0111\u1ebfn iPhone 12, ti\u1ebft ki\u1ec7m th\u1eddi gian<br \/>\n\u2705 S\u1ea1c \u0111\u1ea7y cho pin d\u1ef1 ph\u00f2ng trong 9H khi k\u1ebft h\u1ee3p c\u00f9ng c\u1ed1c s\u1ea1c PD 18W<br \/>\n\u2705 T\u01b0\u01a1ng th\u00edch s\u1ea1c nhanh chu\u1ea9n PD cho c\u00e1c d\u00f2ng iPhone 8 \u0111\u00eabs iPhone 12, \u0111\u00e1p \u1ee9ng chu\u1ea9n FCP&amp; SCP cho \u0111i\u1ec7n tho\u1ea1i Huawei, h\u1ed7 tr\u1ee3 s\u1ea1c nhanh chu\u1ea9n QC 3.0 cho c\u00e1c thi\u1ebft b\u1ecb Xiaomi, Samsung<br \/>\n\u2705 Nhi\u1ec1u l\u1edbp b\u1ea3o v\u1ec7 th\u00f4ng minh: ch\u1ed1ng qu\u00e1 nhi\u1ec7t, ch\u1ed1ng \u0111o\u1ea3n m\u1ea1ch, ch\u1ebf \u0111\u1ed9 reset, ch\u1ed1ng qu\u00e1 \u00e1p s\u1ea1c v\u00e0o, Ch\u1ed1ng qu\u00e1 d\u00f2ng s\u1ea1c ra, ch\u1ed1ng qu\u00e1 \u00e1p s\u1ea1c ra, ch\u1ed1ng ch\u1eadp, ch\u1ed1ng qu\u00e1 d\u00f2ng \u0111o\u1ea3n m\u1ea1ch<\/p>\n<p>\ud83d\udca5 Th\u00f4ng tin b\u1ea3o h\u00e0nh<br \/>\n\u2714 Th\u1eddi gian b\u1ea3o h\u00e0nh: 6 th\u00e1ng ho\u1eb7c 12 th\u00e1ng t\u00f9y l\u1ef1a ch\u1ecdn c\u1ee7a kh\u00e1ch h\u00e0ng n\u1ebfu c\u00f3 l\u1ed7i t\u1eeb nh\u00e0 s\u1ea3n xu\u1ea5t.<br \/>\n\u2714 H\u00ecnh th\u1ee9c b\u1ea3o h\u00e0nh: 1 \u0111\u1ed5i 1 trong 6 th\u00e1ng \u0111\u1ea7u ti\u00ean, 6 th\u00e1ng ti\u1ebfp theo b\u1ea3o h\u00e0nh theo ti\u00eau chu\u1ea9n c\u1ee7a shop<\/p>\n<p>\ud83c\udfe0 G\u1ea5u shop \u2013 Chuy\u00ean ph\u1ee5 ki\u1ec7n \u0111i\u1ec7n tho\u1ea1i, \u0111\u1ed3 c\u00f4ng ngh\u1ec7 h\u00e0ng ch\u00ednh h\u00e3ng b\u1ea3o h\u00e0nh l\u00ean \u0111\u1ebfn 12 th\u00e1ng<br \/>\n\u2714\ufe0f Ship h\u00e0ng to\u00e0n qu\u1ed1c \u2013 ki\u1ec3m tra h\u00e0ng thanh to\u00e1n.<br \/>\n\u2714\ufe0f Ph\u1ee5 ki\u1ec7n Iphone, Samsung, oppo.<br \/>\n\u2714\ufe0f C\u1ee7 s\u1ea1c, d\u00e2y s\u1ea1c.<br \/>\n\u2714\ufe0f Pin s\u1ea1c d\u1ef1 ph\u00f2ng 10.000 \u2013 20.000 mah.<br \/>\n\u2714\ufe0f Loa Bluetooth, karaoke.<br \/>\n\u2714\ufe0f Tai nghe Bluetooth airpods, inpods 12, Hoco, Vivan.<br \/>\n\u2714\ufe0f \u1ed0p l\u01b0ng, c\u01b0\u1eddng l\u1ef1c \u0111i\u1ec7n tho\u1ea1i, \u1ed1p tai nghe airpods.<br \/>\n\u260e\ufe0f Hotline: 0797 180 750 (zalo) \u2013 033 95 333 75<br \/>\n\ud83c\udfe0 \u0110c: 213\/3\/1B L\u00ea H\u1ed3ng Phong, Ph\u01b0\u1eddng 8, Tp. V\u0169ng T\u00e0u, BRVT.<\/p>\n","protected":false},"excerpt":{"rendered":"<p>Pin S\u1ea1c D\u1ef1 Ph\u00f2ng 30000mAh ROBOT RT30 S\u1ea1c Nhanh PD\/QC 3.0 22.5W 5A &#8211; 2 Input &amp; 3 Output &#8211; B\u1ea2O H\u00c0NH 12 TH\u00c1NG \ud83d\udca5 Th\u00f4ng tin s\u1ea3n ph\u1ea9m \u2705 Model: RT30 \u2705 C\u00f4ng su\u1ea5t: 5A \u2705 S\u1ea1c nhanh QC 3.0\/PD \u2705 Power: 111 Wh \u2705 2 Input: Micro (5V\/2A, 9V\/2A) Type-C (5V\/3A, 9V\/2A) \u2705<\/p>\n","protected":false},"featured_media":832,"template":"","meta":{"om_disable_all_campaigns":false,"_monsterinsights_skip_tracking":false,"_monsterinsights_sitenote_active":false,"_monsterinsights_sitenote_note":"","_monsterinsights_sitenote_category":0},"product_cat":[32],"product_tag":[],"_links":{"self":[{"href":"https:\/\/phukienvungtau68.com\/index.php\/wp-json\/wp\/v2\/product\/831"}],"collection":[{"href":"https:\/\/phukienvungtau68.com\/index.php\/wp-json\/wp\/v2\/product"}],"about":[{"href":"https:\/\/phukienvungtau68.com\/index.php\/wp-json\/wp\/v2\/types\/product"}],"wp:featuredmedia":[{"embeddable":true,"href":"https:\/\/phukienvungtau68.com\/index.php\/wp-json\/wp\/v2\/media\/832"}],"wp:attachment":[{"href":"https:\/\/phukienvungtau68.com\/index.php\/wp-json\/wp\/v2\/media?parent=831"}],"wp:term":[{"taxonomy":"product_cat","embeddable":true,"href":"https:\/\/phukienvungtau68.com\/index.php\/wp-json\/wp\/v2\/product_cat?post=831"},{"taxonomy":"product_tag","embeddable":true,"href":"https:\/\/phukienvungtau68.com\/index.php\/wp-json\/wp\/v2\/product_tag?post=831"}],"curies":[{"name":"wp","href":"https:\/\/api.w.org\/{rel}","templated":true}]}}