{"id":869,"date":"2021-10-30T23:36:08","date_gmt":"2021-10-30T16:36:08","guid":{"rendered":"http:\/\/phukienvungtau68.com\/?post_type=product&#038;p=869"},"modified":"2021-10-30T23:36:08","modified_gmt":"2021-10-30T16:36:08","slug":"tai-nghe-chup-tai-gaming-robot-rh-g20-hieu-ung-den-led-kieu-dang-the-thao-am-thanh-ro-net","status":"publish","type":"product","link":"https:\/\/phukienvungtau68.com\/index.php\/product\/tai-nghe-chup-tai-gaming-robot-rh-g20-hieu-ung-den-led-kieu-dang-the-thao-am-thanh-ro-net\/","title":{"rendered":"Tai Nghe Ch\u1ee5p Tai Gaming ROBOT RH-G20 &#8211; Hi\u1ec7u \u1ee9ng&hellip;"},"content":{"rendered":"<p>TAI NGHE CH\u1ee4P TAI D\u00c0NH RI\u00caNG CHO GAME TH\u1ee6 ROBOT RH-G20 &#8211; HI\u1ec6U \u1ee8NG LED KI\u1ec2U D\u00c1NG TH\u1ec2 THAO H\u00c0NG CH\u00cdNH H\u00c3NG &#8211; B\u1ea2O H\u00c0NH 6 TH\u00c1NG L\u1ed6I 1 \u0110\u1ed4I 1<br \/>\n\ud83d\udca5 Th\u00f4ng tin s\u1ea3n ph\u1ea9m<br \/>\n&#8211; S\u1ea3n ph\u1ea9m ch\u00ednh h\u00e3ng ROBOT<br \/>\n&#8211; Model: RH-G20<br \/>\n&#8211; Thi\u1ebft k\u1ebf r\u1ea5t \u0111\u1eb9p, \u0111eo \u00eam tai.<br \/>\n&#8211; Ch\u1ea5t li\u1ec7u tai nghe r\u1ea5t t\u1ed1t, gia c\u00f4ng ch\u1eafc ch\u1eafn v\u00e0 c\u1ef1c k\u1ef3 b\u1ec1n \u0111\u1eb9p.<br \/>\n&#8211; D\u00f9ng \u0111\u01b0\u1ee3c cho c\u1ea3 m\u00e1y t\u00ednh v\u00e0 \u0111i\u1ec7n tho\u1ea1i c\u00f3 jack 3.5 ho\u1eb7c thi\u1ebft b\u1ecb kh\u00e1c c\u00f3 c\u1ed5ng k\u1ebft n\u1ed1i jack tr\u00f2n 3.5<br \/>\n\u2705 \u01afu \u0111i\u1ec3m:<br \/>\n\u2714 ROBOT RH-G20 l\u00e0 s\u1ef1 ph\u00e1t tri\u1ec3n v\u00e0 ho\u00e0n thi\u1ec7n c\u1ee7a d\u00f2ng tai nghe ROBOT RH-G10<br \/>\n\u2714 \u0110\u00e8n LED chuy\u1ec3n \u0111\u1ed5i 7 m\u00e0u s\u1eafc trong qu\u00e1 tr\u00ecnh s\u1eed d\u1ee5ng. S\u1eafc m\u00e0u th\u1eddi th\u01b0\u1ee3ng, t\u0103ng th\u00eam phong c\u00e1ch cho game th\u1ee7.<br \/>\n\u2714 Ch\u1ea5t l\u01b0\u1ee3ng \u00e2m thanh tuy\u1ec7t v\u1eddi, \u1ed5n \u0111\u1ecbnh, kh\u00f4ng l\u1eabn t\u1ea1p \u00e2m. Trang b\u1ecb micro xoay d\u1ec5 d\u00e0ng \u0111i\u1ec1u ch\u1ec9nh \u00e2m l\u01b0\u1ee3ng.<br \/>\n\u2714 Ph\u1ea7n ch\u1ee5p tai \u0111\u01b0\u1ee3c s\u1eed d\u1ee5ng ch\u1ea5t li\u1ec7u m\u00fat da m\u1ec1m, v\u1eeba v\u1eb7n, t\u1ea1o c\u1ea3m gi\u00e1c tho\u1ea3i m\u00e1i khi \u0111eo, kh\u00f4ng g\u00e2y kh\u00f3 ch\u1ecbu<br \/>\n\u2714 C\u1ed5ng k\u1ebft n\u1ed1i 3.5mm ph\u00f9 h\u1ee3p v\u1edbi nhi\u1ec1u thi\u1ebft b\u1ecb: m\u00e1y t\u00ednh \u0111\u1ec3 b\u00e0n, laoptop, \u0111i\u1ec7n tho\u1ea1i, m\u00e1y t\u00ednh b\u1ea3ng, thi\u1ebft b\u1ecb ch\u01a1i game.<br \/>\n\u2714 G\u1ed3m jack c\u1eafm USB, Jack chuy\u1ec3n \u0111\u1ed5i \u0111\u1ea7u \u0111\u1ef1c, d\u00e2y jack 3.5mm chuy\u1ec3n \u0111\u1ed5i \u0111\u1ea7u c\u00e1i.<br \/>\n\u2714 Th\u00e2n d\u00e2y tai nghe l\u00e0m b\u1eb1ng ch\u1ea5t li\u1ec7u cao c\u1ea5p v\u00e0 v\u1ea3i d\u00f9 b\u1ec1n b\u1ec9 ch\u1ed1ng r\u1ed1i, ch\u1ed1ng \u0111\u1ee9t g\u00e3y, tu\u1ed5i th\u1ecd cao.<\/p>\n<p>\u2705 Th\u00f4ng s\u1ed1 k\u1ef9 thu\u1eadt:<br \/>\n&#8211; Lo\u1ea1i: Tai nghe ch\u01a1i game RH-G20<br \/>\n&#8211; \u0110\u1ea7u n\u1ed1i: 1 c\u1ed5ng Jack 3.5mm, 1 c\u1ed5ng USB<br \/>\n&#8211; Chi\u1ec1u d\u00e0i c\u00e1p: \u04244.0mm, L = 2100mm \u00b1 100mm<br \/>\n&#8211; \u0110\u01b0\u1eddng k\u00ednh micro: 6.0&#215;2.7mm<br \/>\n&#8211; K\u00edch th\u01b0\u1edbc loa: 50MM<br \/>\n&#8211; C\u00f4ng su\u1ea5t t\u1ed1i \u0111a: 30mW<br \/>\n&#8211; \u0110\u00e1p \u1ee9ng t\u1ea7n s\u1ed1: 20Hz &#8212;&#8212; 20 k Hz<br \/>\n&#8211; Lo\u1ea1i micro: \u0111a h\u01b0\u1edbng<br \/>\n&#8211; \u0110\u1ed9 nh\u1ea1y c\u1ee7a micr\u00f4: -38 \u00b1 3dB<br \/>\n&#8211; Tr\u1edf kh\u00e1ng loa: 32\u03a9 \u00b1 15%<br \/>\n&#8211; tr\u1ecdng l\u01b0\u1ee3ng s\u1ea3n ph\u1ea9m: 320g<\/p>\n<p>\ud83d\udca5 Th\u00f4ng tin b\u1ea3o h\u00e0nh<br \/>\n\u2714 Th\u1eddi gian b\u1ea3o h\u00e0nh: 6 th\u00e1ng n\u1ebfu c\u00f3 l\u1ed7i t\u1eeb nh\u00e0 s\u1ea3n xu\u1ea5t.<br \/>\n\u2714 H\u00ecnh th\u1ee9c b\u1ea3o h\u00e0nh: 1 \u0111\u1ed5i 1 trong 6 th\u00e1ng \u0111\u1ea7u ti\u00ean<\/p>\n<p>\ud83c\udfe0 G\u1ea5u shop \u2013 Chuy\u00ean ph\u1ee5 ki\u1ec7n \u0111i\u1ec7n tho\u1ea1i, \u0111\u1ed3 c\u00f4ng ngh\u1ec7 h\u00e0ng ch\u00ednh h\u00e3ng b\u1ea3o h\u00e0nh l\u00ean \u0111\u1ebfn 12 th\u00e1ng<br \/>\n\u2714\ufe0f Ship h\u00e0ng to\u00e0n qu\u1ed1c \u2013 ki\u1ec3m tra h\u00e0ng thanh to\u00e1n.<br \/>\n\u2714\ufe0f Ph\u1ee5 ki\u1ec7n Iphone, Samsung, oppo.<br \/>\n\u2714\ufe0f C\u1ee7 s\u1ea1c, d\u00e2y s\u1ea1c.<br \/>\n\u2714\ufe0f Pin s\u1ea1c d\u1ef1 ph\u00f2ng 10.000 \u2013 20.000 mah.<br \/>\n\u2714\ufe0f Loa Bluetooth, karaoke.<br \/>\n\u2714\ufe0f Tai nghe Bluetooth airpods, inpods 12, Hoco, Vivan.<br \/>\n\u2714\ufe0f \u1ed0p l\u01b0ng, c\u01b0\u1eddng l\u1ef1c \u0111i\u1ec7n tho\u1ea1i, \u1ed1p tai nghe airpods.<br \/>\n\u260e\ufe0f Hotline: 0797 180 750 (zalo) \u2013 033 95 333 75<br \/>\n\ud83c\udfe0 \u0110c: 213\/3\/1B L\u00ea H\u1ed3ng Phong, Ph\u01b0\u1eddng 8, Tp. V\u0169ng T\u00e0u, BRVT.<\/p>\n","protected":false},"excerpt":{"rendered":"<p>TAI NGHE CH\u1ee4P TAI D\u00c0NH RI\u00caNG CHO GAME TH\u1ee6 ROBOT RH-G20 &#8211; HI\u1ec6U \u1ee8NG LED KI\u1ec2U D\u00c1NG TH\u1ec2 THAO H\u00c0NG CH\u00cdNH H\u00c3NG &#8211; B\u1ea2O H\u00c0NH 6 TH\u00c1NG L\u1ed6I 1 \u0110\u1ed4I 1 \ud83d\udca5 Th\u00f4ng tin s\u1ea3n ph\u1ea9m &#8211; S\u1ea3n ph\u1ea9m ch\u00ednh h\u00e3ng ROBOT &#8211; Model: RH-G20 &#8211; Thi\u1ebft k\u1ebf r\u1ea5t \u0111\u1eb9p, \u0111eo \u00eam tai. &#8211; Ch\u1ea5t<\/p>\n","protected":false},"featured_media":870,"template":"","meta":{"om_disable_all_campaigns":false,"_monsterinsights_skip_tracking":false,"_monsterinsights_sitenote_active":false,"_monsterinsights_sitenote_note":"","_monsterinsights_sitenote_category":0},"product_cat":[37,19],"product_tag":[],"_links":{"self":[{"href":"https:\/\/phukienvungtau68.com\/index.php\/wp-json\/wp\/v2\/product\/869"}],"collection":[{"href":"https:\/\/phukienvungtau68.com\/index.php\/wp-json\/wp\/v2\/product"}],"about":[{"href":"https:\/\/phukienvungtau68.com\/index.php\/wp-json\/wp\/v2\/types\/product"}],"wp:featuredmedia":[{"embeddable":true,"href":"https:\/\/phukienvungtau68.com\/index.php\/wp-json\/wp\/v2\/media\/870"}],"wp:attachment":[{"href":"https:\/\/phukienvungtau68.com\/index.php\/wp-json\/wp\/v2\/media?parent=869"}],"wp:term":[{"taxonomy":"product_cat","embeddable":true,"href":"https:\/\/phukienvungtau68.com\/index.php\/wp-json\/wp\/v2\/product_cat?post=869"},{"taxonomy":"product_tag","embeddable":true,"href":"https:\/\/phukienvungtau68.com\/index.php\/wp-json\/wp\/v2\/product_tag?post=869"}],"curies":[{"name":"wp","href":"https:\/\/api.w.org\/{rel}","templated":true}]}}