{"id":876,"date":"2021-10-30T23:43:51","date_gmt":"2021-10-30T16:43:51","guid":{"rendered":"http:\/\/phukienvungtau68.com\/?post_type=product&#038;p=876"},"modified":"2021-10-30T23:43:51","modified_gmt":"2021-10-30T16:43:51","slug":"tai-nghe-nhet-tai-acome-ae100-kieu-dang-gaming-microphone-kep-am-thanh-sac-net","status":"publish","type":"product","link":"https:\/\/phukienvungtau68.com\/index.php\/product\/tai-nghe-nhet-tai-acome-ae100-kieu-dang-gaming-microphone-kep-am-thanh-sac-net\/","title":{"rendered":"Tai Nghe Nh\u00e9t Tai Acome AE100 Ki\u1ec3u D\u00e1ng Gaming, Microphone&hellip;"},"content":{"rendered":"<p>Tai Nghe Nh\u00e9t Tai Acome AE100 Ki\u1ec3u D\u00e1ng Gaming, Microphone K\u00e9p, \u00c2m Thanh S\u1eafc N\u00e9t H\u1ed7 tr\u1ee3 ch\u01a1i game c\u1ef1c ch\u1ea5t &#8211; B\u1ea3o H\u00e0nh 6 Th\u00e1ng<\/p>\n<p>\ud83d\udca5 Th\u00f4ng tin s\u1ea3n ph\u1ea9m<br \/>\n&#8211; Th\u01b0\u01a1ng Hi\u1ec7u: h\u00e0ng ch\u00ednh h\u00e3ng Acome<br \/>\n&#8211; M\u00e3 SP: AE100<br \/>\n\u0110\u1eb7c \u0111i\u1ec3m n\u1ed5i b\u1eadt:<br \/>\n\ud83d\udfe1 M\u00e0u s\u1eafc th\u1eddi th\u01b0\u1ee3ng: M\u00e0u xanh Midnight t\u1ea1o phong c\u00e1ch g\u1ea7n g\u0169i m\u1edbi m\u1ebb cho game th\u1ee7.<br \/>\n\ud83d\udfe1 \u00c2m thanh s\u1ed1ng \u0111\u1ed9ng: Ch\u1ea5t \u00e2m bass si\u00eau tr\u1ea7m, s\u1ed1ng \u0111\u1ed9ng cho c\u1ea3m nh\u1eadn m\u1ed9t c\u00e1ch r\u00f5 r\u00e0ng nh\u1ea5t t\u1eebng ti\u1ebfng b\u01b0\u1edbc ch\u00e2n c\u1ee7a \u0111\u1ecbch.<br \/>\n\ud83d\udfe1 M\u00e0ng loa k\u00edch th\u01b0\u1edbc 10mm: \u00c2m thanh r\u00f5 n\u00e9t, hi\u1ec7u \u1ee9ng \u00e2m thanh v\u00f2m chi ti\u1ebft.<br \/>\n\ud83d\udfe1 Microphone k\u00e9p: Micro t\u00edch h\u1ee3p s\u1eb5n v\u00e0 micro thanh c\u00f3 th\u1ec3 th\u00e1o r\u1eddi cho ch\u1ea5t l\u01b0\u1ee3ng \u0111\u00e0m tho\u1ea1i r\u00f5 n\u00e9t.<br \/>\n\ud83d\udfe1 C\u1ed5ng k\u1ebft n\u1ed1i ch\u1eef L: thu\u1eadn ti\u1ec7n k\u1ebft n\u1ed1i khi xoay m\u00e0n h\u00ecnh.<br \/>\n\ud83d\udfe1 Thi\u1ebft k\u1ebf ti\u1ec7n l\u1ee3i: Trang b\u1ecb 3 lo\u1ea1i n\u00fat \u0111\u1ec7m c\u00f3 k\u00edch th\u01b0\u1edbc kh\u00e1c nhau ph\u00f9 h\u1ee3p v\u1edbi nhi\u1ec1u c\u1ee1 tai.<br \/>\n\ud83d\udfe1 Thanh micro c\u00f3 th\u1ec3 th\u00e1o r\u1eddi chuy\u1ec3n \u0111\u1ed5i s\u1eed d\u1ee5ng linh ho\u1ea1t t\u00f9y nhu c\u1ea7u c\u1ee7a ng\u01b0\u1eddi d\u00f9ng.<br \/>\n\ud83d\udfe1 Kh\u1ea3 n\u0103ng t\u01b0\u01a1ng th\u00edch: t\u01b0\u01a1ng th\u00edch v\u1edbi nhi\u1ec1u thi\u1ebft b\u1ecb ph\u00f9 h\u1ee3p s\u1eed d\u1ee5ng v\u1edbi Nintendo Switch v\u00e0 ch\u01a1i game tr\u00ean n\u1ec1n t\u1ea3ng di \u0111\u1ed9ng v\u00e0 c\u00e1c thi\u1ebft b\u1ecb kh\u00e1c nh\u01b0: Xbox One, PS4 Pro, PS4 v\u00e0 PC.<\/p>\n<p>\ud83d\udca5 Th\u00f4ng tin b\u1ea3o h\u00e0nh<br \/>\n\u2714 Th\u1eddi gian b\u1ea3o h\u00e0nh: 6 th\u00e1ng n\u1ebfu c\u00f3 l\u1ed7i t\u1eeb nh\u00e0 s\u1ea3n xu\u1ea5t.<br \/>\n\u2714 H\u00ecnh th\u1ee9c b\u1ea3o h\u00e0nh: 1 \u0111\u1ed5i 1 trong 6 th\u00e1ng \u0111\u1ea7u ti\u00ean<\/p>\n<p>\ud83c\udfe0 G\u1ea5u shop \u2013 Chuy\u00ean ph\u1ee5 ki\u1ec7n \u0111i\u1ec7n tho\u1ea1i, \u0111\u1ed3 c\u00f4ng ngh\u1ec7 h\u00e0ng ch\u00ednh h\u00e3ng b\u1ea3o h\u00e0nh l\u00ean \u0111\u1ebfn 12 th\u00e1ng<br \/>\n\u2714\ufe0f Ship h\u00e0ng to\u00e0n qu\u1ed1c \u2013 ki\u1ec3m tra h\u00e0ng thanh to\u00e1n.<br \/>\n\u2714\ufe0f Ph\u1ee5 ki\u1ec7n Iphone, Samsung, oppo.<br \/>\n\u2714\ufe0f C\u1ee7 s\u1ea1c, d\u00e2y s\u1ea1c.<br \/>\n\u2714\ufe0f Pin s\u1ea1c d\u1ef1 ph\u00f2ng 10.000 \u2013 20.000 mah.<br \/>\n\u2714\ufe0f Loa Bluetooth, karaoke.<br \/>\n\u2714\ufe0f Tai nghe Bluetooth airpods, inpods 12, Hoco, Vivan.<br \/>\n\u2714\ufe0f \u1ed0p l\u01b0ng, c\u01b0\u1eddng l\u1ef1c \u0111i\u1ec7n tho\u1ea1i, \u1ed1p tai nghe airpods.<br \/>\n\u260e\ufe0f Hotline: 0797 180 750 (zalo) \u2013 033 95 333 75<br \/>\n\ud83c\udfe0 \u0110c: 213\/3\/1B L\u00ea H\u1ed3ng Phong, Ph\u01b0\u1eddng 8, Tp. V\u0169ng T\u00e0u, BRVT.<\/p>\n","protected":false},"excerpt":{"rendered":"<p>Tai Nghe Nh\u00e9t Tai Acome AE100 Ki\u1ec3u D\u00e1ng Gaming, Microphone K\u00e9p, \u00c2m Thanh S\u1eafc N\u00e9t H\u1ed7 tr\u1ee3 ch\u01a1i game c\u1ef1c ch\u1ea5t &#8211; B\u1ea3o H\u00e0nh 6 Th\u00e1ng \ud83d\udca5 Th\u00f4ng tin s\u1ea3n ph\u1ea9m &#8211; Th\u01b0\u01a1ng Hi\u1ec7u: h\u00e0ng ch\u00ednh h\u00e3ng Acome &#8211; M\u00e3 SP: AE100 \u0110\u1eb7c \u0111i\u1ec3m n\u1ed5i b\u1eadt: \ud83d\udfe1 M\u00e0u s\u1eafc th\u1eddi th\u01b0\u1ee3ng: M\u00e0u xanh Midnight t\u1ea1o<\/p>\n","protected":false},"featured_media":877,"template":"","meta":{"om_disable_all_campaigns":false,"_monsterinsights_skip_tracking":false,"_monsterinsights_sitenote_active":false,"_monsterinsights_sitenote_note":"","_monsterinsights_sitenote_category":0},"product_cat":[19],"product_tag":[],"_links":{"self":[{"href":"https:\/\/phukienvungtau68.com\/index.php\/wp-json\/wp\/v2\/product\/876"}],"collection":[{"href":"https:\/\/phukienvungtau68.com\/index.php\/wp-json\/wp\/v2\/product"}],"about":[{"href":"https:\/\/phukienvungtau68.com\/index.php\/wp-json\/wp\/v2\/types\/product"}],"wp:featuredmedia":[{"embeddable":true,"href":"https:\/\/phukienvungtau68.com\/index.php\/wp-json\/wp\/v2\/media\/877"}],"wp:attachment":[{"href":"https:\/\/phukienvungtau68.com\/index.php\/wp-json\/wp\/v2\/media?parent=876"}],"wp:term":[{"taxonomy":"product_cat","embeddable":true,"href":"https:\/\/phukienvungtau68.com\/index.php\/wp-json\/wp\/v2\/product_cat?post=876"},{"taxonomy":"product_tag","embeddable":true,"href":"https:\/\/phukienvungtau68.com\/index.php\/wp-json\/wp\/v2\/product_tag?post=876"}],"curies":[{"name":"wp","href":"https:\/\/api.w.org\/{rel}","templated":true}]}}