{"id":886,"date":"2021-10-30T23:57:08","date_gmt":"2021-10-30T16:57:08","guid":{"rendered":"http:\/\/phukienvungtau68.com\/?post_type=product&#038;p=886"},"modified":"2021-10-30T23:57:09","modified_gmt":"2021-10-30T16:57:09","slug":"loa-bluetooth-karaoke-ngoai-troi-robot-rb490-hieu-ung-den-led-rgb-kem-micro-cong-suat-20w","status":"publish","type":"product","link":"https:\/\/phukienvungtau68.com\/index.php\/product\/loa-bluetooth-karaoke-ngoai-troi-robot-rb490-hieu-ung-den-led-rgb-kem-micro-cong-suat-20w\/","title":{"rendered":"Loa Bluetooth Karaoke Ngo\u00e0i Tr\u1eddi ROBOT RB490 &#8211; Hi\u1ec7u \u1ee8ng&hellip;"},"content":{"rendered":"<p>Loa Bluetooth Karaoke Ngo\u00e0i Tr\u1eddi ROBOT RB490 &#8211; Hi\u1ec7u \u1ee8ng \u0110\u00e8n LED RGB &#8211; K\u00e8m Micro, C\u00f4ng Su\u1ea5t 20W &#8211; B\u1ea3o H\u00e0nh l\u00ean \u0111\u1ebfn 6 Th\u00e1ng<br \/>\n\ud83d\udca5 Th\u00f4ng tin s\u1ea3n ph\u1ea9m<br \/>\n&#8211; S\u1ea3n ph\u1ea9m ch\u00ednh h\u00e3ng ROBOT<br \/>\n&#8211; Model: RB490<br \/>\n\u2022 C\u00f4ng su\u1ea5t: 20W<br \/>\n\u2022 Dung l\u01b0\u1ee3ng pin: 3.000 mAh<br \/>\n\u2022 Th\u1eddi gian s\u1eed d\u1ee5ng: 6 ti\u1ebfng li\u00ean t\u1ee5c<br \/>\n\u2022 Th\u1eddi gian s\u1ea1c: 3h<br \/>\n\u2022 K\u1ebft n\u1ed1i: Bluetooth, th\u1ebb nh\u1edb MicroSD, USB, AUX, nghe \u0111\u00e0i FM<br \/>\n\u2022 Bluetooth 5.0<br \/>\n\u2022 K\u00e8m Micro Karaoke<br \/>\n\u2022 K\u00edch th\u01b0\u1edbc: 134 x 144 x 342 mm<br \/>\n\u2022 M\u00e0u s\u1eafc : \u0110en<br \/>\n&#8211; Loa c\u00f4ng su\u1ea5t l\u1edbn 20W, s\u1eed d\u1ee5ng \u0111\u01b0\u1ee3c ngo\u00e0i tr\u1eddi, \u00e2m thanh m\u1ea1nh m\u1ebd, nghe nh\u1ea1c c\u1ef1c \u0111\u1ec9nh.<br \/>\n&#8211; C\u00f4ng ngh\u1ec7 bluetooth 5.0 cho t\u1ed1c \u0111\u1ed9 truy\u1ec1n t\u1ea3i nhanh h\u01a1n, k\u1ebft n\u1ed1i \u1ed5n \u0111\u1ecbnh trong ph\u1ea1m vi 10m.<br \/>\n&#8211; \u0110\u01b0\u1ee3c trang b\u1ecb h\u1ec7 th\u1ed1ng LED RGB v\u1edbi h\u01a1n 16 tri\u1ec7u m\u00e0u chuy\u1ec3n \u0111\u1ed5i theo nh\u1ecbp nh\u1ea1c, th\u1eafp s\u00e1ng b\u1eefa ti\u1ec7c \u00e2m nh\u1ea1c<br \/>\nh\u1ee9ng kh\u1edfi v\u00e0 s\u00f4i \u0111\u1ed9ng h\u01a1n bao gi\u1edd h\u1ebft.<br \/>\n&#8211; Loa \u0111i k\u00e8m Micro Karaoke, h\u1ed7 tr\u1ee3 lo\u1ea1i b\u1ecf ti\u1ebfng ca s\u0129 trong b\u00e0i h\u00e1t, t\u1eadn h\u01b0\u1edfng c\u00e1c b\u00e0i h\u00e1t karaoke s\u00f4i \u0111\u1ed9ng.<br \/>\n&#8211; Dung l\u01b0\u1ee3ng pin 3.000 mAh, th\u1eddi gian s\u1eed d\u1ee5ng l\u00ean \u0111\u1ebfn 6h, th\u1eddi gian s\u1ea1c pin 3h.<br \/>\n&#8211; C\u00e1c h\u00ecnh th\u1ee9c k\u1ebft n\u1ed1i \u0111a d\u1ea1ng, \u0111\u00e1p \u1ee9ng m\u1ecdi nhu c\u1ea7u nghe nh\u1ea1c: Bluetooth, th\u1ebb nh\u1edb MicroSD, USB, AUX, nghe \u0111\u00e0i<br \/>\nFM.<br \/>\n&#8211; Thi\u1ebft k\u1ebf m\u1ea1nh m\u1ebd, c\u00f3 quai x\u00e1ch b\u1eb1ng da, d\u1ec5 d\u00e0ng di chuy\u1ec3n khi s\u1eed d\u1ee5ng ngo\u00e0i tr\u1eddi.<br \/>\n&#8211; L\u01b0u \u00fd: Microphone l\u00e0 ph\u1ee5 ki\u1ec7n \u0111i k\u00e8m n\u00ean s\u1ebd kh\u00f4ng \u0111\u01b0\u1ee3c h\u1ed7 tr\u1ee3 b\u1ea3o h\u00e0nh khi x\u1ea3y ra h\u01b0 h\u1ecfng.<\/p>\n<p>\ud83d\udca5 Th\u00f4ng tin b\u1ea3o h\u00e0nh<br \/>\n\u2714 Th\u1eddi gian b\u1ea3o h\u00e0nh:\u00a0 3 th\u00e1ng ho\u1eb7c 6 th\u00e1ng n\u1ebfu c\u00f3 l\u1ed7i t\u1eeb nh\u00e0 s\u1ea3n xu\u1ea5t.<br \/>\n\u2714 H\u00ecnh th\u1ee9c b\u1ea3o h\u00e0nh: 1 \u0111\u1ed5i 1 trong 3 th\u00e1ng \u0111\u1ea7u ti\u00ean, 3 th\u00e1ng ti\u1ebfp theo b\u1ea3o h\u00e0nh theo ti\u00eau chu\u1ea9n c\u1ee7a shop<\/p>\n<p>\ud83c\udfe0 G\u1ea5u shop \u2013 Chuy\u00ean ph\u1ee5 ki\u1ec7n \u0111i\u1ec7n tho\u1ea1i, \u0111\u1ed3 c\u00f4ng ngh\u1ec7 h\u00e0ng ch\u00ednh h\u00e3ng b\u1ea3o h\u00e0nh l\u00ean \u0111\u1ebfn 12 th\u00e1ng<br \/>\n\u2714\ufe0f Ship h\u00e0ng to\u00e0n qu\u1ed1c \u2013 ki\u1ec3m tra h\u00e0ng thanh to\u00e1n.<br \/>\n\u2714\ufe0f Ph\u1ee5 ki\u1ec7n Iphone, Samsung, oppo.<br \/>\n\u2714\ufe0f C\u1ee7 s\u1ea1c, d\u00e2y s\u1ea1c.<br \/>\n\u2714\ufe0f Pin s\u1ea1c d\u1ef1 ph\u00f2ng 10.000 \u2013 20.000 mah.<br \/>\n\u2714\ufe0f Loa Bluetooth, karaoke.<br \/>\n\u2714\ufe0f Tai nghe Bluetooth airpods, inpods 12, Hoco, Vivan.<br \/>\n\u2714\ufe0f \u1ed0p l\u01b0ng, c\u01b0\u1eddng l\u1ef1c \u0111i\u1ec7n tho\u1ea1i, \u1ed1p tai nghe airpods.<br \/>\n\u260e\ufe0f Hotline: 0797 180 750 (zalo) \u2013 033 95 333 75<br \/>\n\ud83c\udfe0 \u0110c: 213\/3\/1B L\u00ea H\u1ed3ng Phong, Ph\u01b0\u1eddng 8, Tp. V\u0169ng T\u00e0u, BRVT.<\/p>\n","protected":false},"excerpt":{"rendered":"<p>Loa Bluetooth Karaoke Ngo\u00e0i Tr\u1eddi ROBOT RB490 &#8211; Hi\u1ec7u \u1ee8ng \u0110\u00e8n LED RGB &#8211; K\u00e8m Micro, C\u00f4ng Su\u1ea5t 20W &#8211; B\u1ea3o H\u00e0nh l\u00ean \u0111\u1ebfn 6 Th\u00e1ng \ud83d\udca5 Th\u00f4ng tin s\u1ea3n ph\u1ea9m &#8211; S\u1ea3n ph\u1ea9m ch\u00ednh h\u00e3ng ROBOT &#8211; Model: RB490 \u2022 C\u00f4ng su\u1ea5t: 20W \u2022 Dung l\u01b0\u1ee3ng pin: 3.000 mAh \u2022 Th\u1eddi gian s\u1eed d\u1ee5ng:<\/p>\n","protected":false},"featured_media":887,"template":"","meta":{"om_disable_all_campaigns":false,"_monsterinsights_skip_tracking":false,"_monsterinsights_sitenote_active":false,"_monsterinsights_sitenote_note":"","_monsterinsights_sitenote_category":0},"product_cat":[29],"product_tag":[],"_links":{"self":[{"href":"https:\/\/phukienvungtau68.com\/index.php\/wp-json\/wp\/v2\/product\/886"}],"collection":[{"href":"https:\/\/phukienvungtau68.com\/index.php\/wp-json\/wp\/v2\/product"}],"about":[{"href":"https:\/\/phukienvungtau68.com\/index.php\/wp-json\/wp\/v2\/types\/product"}],"wp:featuredmedia":[{"embeddable":true,"href":"https:\/\/phukienvungtau68.com\/index.php\/wp-json\/wp\/v2\/media\/887"}],"wp:attachment":[{"href":"https:\/\/phukienvungtau68.com\/index.php\/wp-json\/wp\/v2\/media?parent=886"}],"wp:term":[{"taxonomy":"product_cat","embeddable":true,"href":"https:\/\/phukienvungtau68.com\/index.php\/wp-json\/wp\/v2\/product_cat?post=886"},{"taxonomy":"product_tag","embeddable":true,"href":"https:\/\/phukienvungtau68.com\/index.php\/wp-json\/wp\/v2\/product_tag?post=886"}],"curies":[{"name":"wp","href":"https:\/\/api.w.org\/{rel}","templated":true}]}}