{"id":895,"date":"2021-10-31T00:15:55","date_gmt":"2021-10-30T17:15:55","guid":{"rendered":"http:\/\/phukienvungtau68.com\/?post_type=product&#038;p=895"},"modified":"2021-10-31T00:15:55","modified_gmt":"2021-10-30T17:15:55","slug":"gia-do-dien-thoai-de-ban-xoay-360-do-tien-loi-xem-phim-livestream-cho-be-hoc-online","status":"publish","type":"product","link":"https:\/\/phukienvungtau68.com\/index.php\/product\/gia-do-dien-thoai-de-ban-xoay-360-do-tien-loi-xem-phim-livestream-cho-be-hoc-online\/","title":{"rendered":"Gi\u00e1 \u0110\u1ee1 \u0110i\u1ec7n Tho\u1ea1i \u0110\u1ec3 B\u00e0n xoay 360 \u0111\u1ed9 ti\u1ec7n&hellip;"},"content":{"rendered":"<p>Gi\u00e1 \u0110\u1ee1 \u0110i\u1ec7n Tho\u1ea1i \u0110\u1ec3 B\u00e0n xoay 360 \u0111\u1ed9 ti\u1ec7n l\u1ee3i xem phim, livestream, cho b\u00e9 h\u1ecdc online<br \/>\n\ud83d\udca5 Th\u00f4ng tin s\u1ea3n ph\u1ea9m<br \/>\n&#8211; \u01afu \u0111i\u1ec3m v\u01b0\u1ee3t tr\u1ed9i trong th\u00e2n h\u00ecnh nh\u1ecf g\u1ecdn<br \/>\n&#8211; Th\u00edch h\u1ee3p cho b\u1ea1n v\u1eeba l\u00e0m vi\u1ec7c, v\u1eeba c\u00f3 th\u1ec3 xem phim, xem youtube,&#8230;<br \/>\n&#8211; Thi\u1ebft k\u1ebf nh\u1ecf g\u1ecdn, c\u00f3 th\u1ec3 th\u00e1o r\u1eddi, mang \u0111i l\u00e0m, c\u00f4ng t\u00e1c, du l\u1ecbch, c\u1eafm tr\u1ea1i&#8230;<br \/>\n&#8211; Ph\u1ea7n th\u00e2n c\u00f3 th\u1ec3 \u0111i\u1ec1u ch\u1ec9nh k\u00edch th\u01b0\u1edbc cao th\u1ea5p theo mong mu\u1ed1n c\u1ee7a b\u1ea1n<br \/>\n&#8211; Gi\u00e1 \u0111\u1ee1 \u0111i\u1ec7n tho\u1ea1i \u0111\u01b0\u1ee3c l\u00e0m b\u1eb1ng kim lo\u1ea1i v\u00e0 nh\u1ef1a cao c\u1ea5p, c\u00f3 \u0111\u1ed9 b\u1ec1n cao v\u00e0 d\u1ec3 s\u1eed d\u1ee5ng.<br \/>\n&#8211; Ph\u1ea7n ch\u00e2n \u0111\u1ebf ch\u1eafc ch\u1eafn ch\u1ed1ng tr\u01b0\u1ee3t khi \u0111\u1ec3 b\u00e0n<br \/>\n&#8211; Ph\u1ea7n gi\u00e1 \u0111\u1ee1 \u0111i\u1ec7n tho\u1ea1i c\u00f3 th\u1ec3 \u0111i\u1ec1u ch\u1ec9nh linh ho\u1ea1t ph\u00f9 h\u1ee3p v\u1edbi k\u00edch th\u01b0\u1edbc \u0111i\u1ec7n tho\u1ea1i c\u1ee7a b\u1ea1n, c\u00f3 \u0111\u1ed9 r\u1ed9ng t\u1eeb 6,5cm \u0111\u1ebfn 9.5cm ph\u00f9 h\u1ee3p h\u1ea7u h\u1ebft t\u1ea5t c\u1ea3 c\u00e1c d\u00f2ng \u0111i\u1ec7n tho\u1ea1i hi\u1ec7n nay<br \/>\n&#8211; C\u01a1 ch\u1ebf xoay 360 \u0111\u1ed9 ti\u1ec7n \u00edch<br \/>\n&#8211; K\u00edch th\u01b0\u1edbc \u0111\u1ebf: 12 x 2.5cm<br \/>\n&#8211; Th\u00e2n gi\u00e1 \u0111\u1ee1: Cao t\u1ed1i thi\u1ec3u 24cm, cao t\u1ed1i \u0111a 38cm<br \/>\n&#8211; M\u00e0u s\u1eafc: \u0110en<\/p>\n<p>\ud83d\udca5 Cam k\u1ebft v\u1ec1 ch\u1ea5t l\u01b0\u1ee3ng v\u00e0 d\u1ecbch v\u1ee5 b\u00e1n h\u00e0ng<br \/>\n1. H\u00e0ng th\u1eadt nh\u01b0 h\u00ecnh<br \/>\n2. \u0110\u1ea7y \u0111\u1ee7 tem, th\u1ebb b\u1ea3o h\u00e0nh<br \/>\n3. S\u1ea3n ph\u1ea9m \u0111\u01b0\u1ee3c test k\u1ef9 tr\u01b0\u1edbc khi giao h\u00e0ng N\u00ean qu\u00fd kh\u00e1ch h\u00e0ng c\u00f3 th\u1ec3 y\u00ean t\u00e2m.<br \/>\n4. Shop cam k\u1ebft ch\u0103m s\u00f3c kh\u00e1ch h\u00e0ng t\u1ed1t nh\u1ea5t, h\u1eadu m\u00e3i t\u1ed1t sau mua h\u00e0ng.<br \/>\n5. Cam k\u1ebft b\u1ea3o h\u00e0nh v\u00e0 \u0111\u1ed5i m\u1edbi 1 \u0111\u1ed5i 1 n\u1ebfu c\u00f3 l\u1ed7i trong th\u1eddi gian b\u1ea3o h\u00e0nh.<br \/>\n6. \u0110\u01b0\u1ee3c Ki\u1ec3m tra h\u00e0ng k\u1ef9 khi nh\u1eadn \u0111\u00fang h\u00e0ng m\u1edbi thanh to\u00e1n.<\/p>\n<p>\ud83c\udfe0 G\u1ea5u shop \u2013 Chuy\u00ean ph\u1ee5 ki\u1ec7n \u0111i\u1ec7n tho\u1ea1i, \u0111\u1ed3 c\u00f4ng ngh\u1ec7 h\u00e0ng ch\u00ednh h\u00e3ng b\u1ea3o h\u00e0nh l\u00ean \u0111\u1ebfn 12 th\u00e1ng<br \/>\n\u2714\ufe0f Ship h\u00e0ng to\u00e0n qu\u1ed1c \u2013 ki\u1ec3m tra h\u00e0ng thanh to\u00e1n.<br \/>\n\u2714\ufe0f Ph\u1ee5 ki\u1ec7n Iphone, Samsung, oppo.<br \/>\n\u2714\ufe0f C\u1ee7 s\u1ea1c, d\u00e2y s\u1ea1c.<br \/>\n\u2714\ufe0f Pin s\u1ea1c d\u1ef1 ph\u00f2ng 10.000 \u2013 20.000 mah.<br \/>\n\u2714\ufe0f Loa Bluetooth, karaoke.<br \/>\n\u2714\ufe0f Tai nghe Bluetooth airpods, inpods 12, Hoco, Vivan.<br \/>\n\u2714\ufe0f \u1ed0p l\u01b0ng, c\u01b0\u1eddng l\u1ef1c \u0111i\u1ec7n tho\u1ea1i, \u1ed1p tai nghe airpods.<br \/>\n\u260e\ufe0f Hotline: 0797 180 750 (zalo) \u2013 033 95 333 75<br \/>\n\ud83c\udfe0 \u0110c: 213\/3\/1B L\u00ea H\u1ed3ng Phong, Ph\u01b0\u1eddng 8, Tp. V\u0169ng T\u00e0u, BRVT.<\/p>\n","protected":false},"excerpt":{"rendered":"<p>Gi\u00e1 \u0110\u1ee1 \u0110i\u1ec7n Tho\u1ea1i \u0110\u1ec3 B\u00e0n xoay 360 \u0111\u1ed9 ti\u1ec7n l\u1ee3i xem phim, livestream, cho b\u00e9 h\u1ecdc online \ud83d\udca5 Th\u00f4ng tin s\u1ea3n ph\u1ea9m &#8211; \u01afu \u0111i\u1ec3m v\u01b0\u1ee3t tr\u1ed9i trong th\u00e2n h\u00ecnh nh\u1ecf g\u1ecdn &#8211; Th\u00edch h\u1ee3p cho b\u1ea1n v\u1eeba l\u00e0m vi\u1ec7c, v\u1eeba c\u00f3 th\u1ec3 xem phim, xem youtube,&#8230; &#8211; Thi\u1ebft k\u1ebf nh\u1ecf g\u1ecdn, c\u00f3 th\u1ec3<\/p>\n","protected":false},"featured_media":898,"template":"","meta":{"om_disable_all_campaigns":false,"_monsterinsights_skip_tracking":false,"_monsterinsights_sitenote_active":false,"_monsterinsights_sitenote_note":"","_monsterinsights_sitenote_category":0},"product_cat":[35],"product_tag":[],"_links":{"self":[{"href":"https:\/\/phukienvungtau68.com\/index.php\/wp-json\/wp\/v2\/product\/895"}],"collection":[{"href":"https:\/\/phukienvungtau68.com\/index.php\/wp-json\/wp\/v2\/product"}],"about":[{"href":"https:\/\/phukienvungtau68.com\/index.php\/wp-json\/wp\/v2\/types\/product"}],"wp:featuredmedia":[{"embeddable":true,"href":"https:\/\/phukienvungtau68.com\/index.php\/wp-json\/wp\/v2\/media\/898"}],"wp:attachment":[{"href":"https:\/\/phukienvungtau68.com\/index.php\/wp-json\/wp\/v2\/media?parent=895"}],"wp:term":[{"taxonomy":"product_cat","embeddable":true,"href":"https:\/\/phukienvungtau68.com\/index.php\/wp-json\/wp\/v2\/product_cat?post=895"},{"taxonomy":"product_tag","embeddable":true,"href":"https:\/\/phukienvungtau68.com\/index.php\/wp-json\/wp\/v2\/product_tag?post=895"}],"curies":[{"name":"wp","href":"https:\/\/api.w.org\/{rel}","templated":true}]}}