{"id":924,"date":"2021-12-02T23:54:55","date_gmt":"2021-12-02T16:54:55","guid":{"rendered":"http:\/\/phukienvungtau68.com\/?post_type=product&#038;p=924"},"modified":"2022-10-14T23:48:23","modified_gmt":"2022-10-14T16:48:23","slug":"tai-nghe-bluetooth-hoco-dew02-pro-kieu-dang-airpods-cao-cap-hang-chinh-hang","status":"publish","type":"product","link":"https:\/\/phukienvungtau68.com\/index.php\/product\/tai-nghe-bluetooth-hoco-dew02-pro-kieu-dang-airpods-cao-cap-hang-chinh-hang\/","title":{"rendered":"Tai Nghe Bluetooth Hoco DEW02 pro Ki\u1ec3u D\u00e1ng airpods Cao&hellip;"},"content":{"rendered":"<p>Tai Nghe Bluetooth Hoco DEW02 pro Ki\u1ec3u D\u00e1ng airpods Cao C\u1ea5p h\u00e0ng ch\u00ednh h\u00e3ng &#8211; B\u1ea3o h\u00e0nh l\u00ean \u0111\u1ebfn 6 Th\u00e1ng<br \/>\n\ud83d\udca5 Th\u00f4ng tin s\u1ea3n ph\u1ea9m<br \/>\n&#8211; Tai Nghe Bluetooth ch\u00ednh h\u00e3ng Hoco DEW02 pro<br \/>\n&#8211; Pin 3,5 &#8211; 4 ti\u1ebfng<br \/>\n&#8211; Dung l\u01b0\u1ee3ng pin: ng\u0103n s\u1ea1c 350mAh, tai nghe 30mAh<br \/>\n&#8211; \u00c2m thanh nghe hay, to r\u00f5<br \/>\n&#8211; Bluetooth 5.1, chip: Jerry AC6973<br \/>\n&#8211; Kh\u00f4ng c\u00f3 hi\u1ec7n K\u1ebft n\u1ed1i popup<br \/>\n&#8211; C\u1ea3m \u1ee9ng g\u00f5 ch\u1ea1m nh\u01b0 airpods 2<br \/>\n&#8211; K\u00edch th\u01b0\u1edbc: 53,8 * 44,3 * 21,5mm<\/p>\n<p>\ud83d\udca5 Th\u00f4ng tin b\u1ea3o h\u00e0nh<br \/>\n<img class=\"emoji\" role=\"img\" src=\"https:\/\/s.w.org\/images\/core\/emoji\/13.1.0\/svg\/2714.svg\" alt=\"\u2714\" \/>\u00a0Th\u1eddi gian b\u1ea3o h\u00e0nh: 6 th\u00e1ng<br \/>\n<img class=\"emoji\" role=\"img\" src=\"https:\/\/s.w.org\/images\/core\/emoji\/13.1.0\/svg\/2714.svg\" alt=\"\u2714\" \/>\u00a0H\u00ecnh th\u1ee9c b\u1ea3o h\u00e0nh: 1 \u0111\u1ed5i 1 trong 3 th\u00e1ng \u0111\u1ea7u ti\u00ean, 3 th\u00e1ng sau b\u1ea3o h\u00e0nh theo ti\u00eau chu\u1ea9n c\u1ee7a shop<\/p>\n<p>\ud83c\udfe0 G\u1ea5u shop \u2013 Chuy\u00ean ph\u1ee5 ki\u1ec7n \u0111i\u1ec7n tho\u1ea1i, \u0111\u1ed3 c\u00f4ng ngh\u1ec7 h\u00e0ng ch\u00ednh h\u00e3ng b\u1ea3o h\u00e0nh l\u00ean \u0111\u1ebfn 12 th\u00e1ng<br \/>\n\u2714\ufe0f Ship h\u00e0ng to\u00e0n qu\u1ed1c \u2013 ki\u1ec3m tra h\u00e0ng thanh to\u00e1n.<br \/>\n\u2714\ufe0f Ph\u1ee5 ki\u1ec7n Iphone, Samsung, oppo.<br \/>\n\u2714\ufe0f C\u1ee7 s\u1ea1c, d\u00e2y s\u1ea1c.<br \/>\n\u2714\ufe0f Pin s\u1ea1c d\u1ef1 ph\u00f2ng 10.000 \u2013 20.000 mah.<br \/>\n\u2714\ufe0f Loa Bluetooth, karaoke.<br \/>\n\u2714\ufe0f Tai nghe Bluetooth airpods, inpods 12, Hoco, Vivan.<br \/>\n\u2714\ufe0f \u1ed0p l\u01b0ng, c\u01b0\u1eddng l\u1ef1c \u0111i\u1ec7n tho\u1ea1i, \u1ed1p tai nghe airpods.<br \/>\n\u260e\ufe0f Hotline: 0797 180 750 (zalo) \u2013 033 95 333 75<br \/>\n\ud83c\udfe0 \u0110c: 213\/3\/1B L\u00ea H\u1ed3ng Phong, Ph\u01b0\u1eddng 8, Tp. V\u0169ng T\u00e0u, BRVT.<\/p>\n","protected":false},"excerpt":{"rendered":"<p>Tai Nghe Bluetooth Hoco DEW02 pro Ki\u1ec3u D\u00e1ng airpods Cao C\u1ea5p h\u00e0ng ch\u00ednh h\u00e3ng &#8211; B\u1ea3o h\u00e0nh l\u00ean \u0111\u1ebfn 6 Th\u00e1ng \ud83d\udca5 Th\u00f4ng tin s\u1ea3n ph\u1ea9m &#8211; Tai Nghe Bluetooth ch\u00ednh h\u00e3ng Hoco DEW02 pro &#8211; Pin 3,5 &#8211; 4 ti\u1ebfng &#8211; Dung l\u01b0\u1ee3ng pin: ng\u0103n s\u1ea1c 350mAh, tai nghe 30mAh &#8211; \u00c2m thanh nghe<\/p>\n","protected":false},"featured_media":1104,"template":"","meta":{"om_disable_all_campaigns":false,"_monsterinsights_skip_tracking":false,"_monsterinsights_sitenote_active":false,"_monsterinsights_sitenote_note":"","_monsterinsights_sitenote_category":0},"product_cat":[18],"product_tag":[],"_links":{"self":[{"href":"https:\/\/phukienvungtau68.com\/index.php\/wp-json\/wp\/v2\/product\/924"}],"collection":[{"href":"https:\/\/phukienvungtau68.com\/index.php\/wp-json\/wp\/v2\/product"}],"about":[{"href":"https:\/\/phukienvungtau68.com\/index.php\/wp-json\/wp\/v2\/types\/product"}],"wp:featuredmedia":[{"embeddable":true,"href":"https:\/\/phukienvungtau68.com\/index.php\/wp-json\/wp\/v2\/media\/1104"}],"wp:attachment":[{"href":"https:\/\/phukienvungtau68.com\/index.php\/wp-json\/wp\/v2\/media?parent=924"}],"wp:term":[{"taxonomy":"product_cat","embeddable":true,"href":"https:\/\/phukienvungtau68.com\/index.php\/wp-json\/wp\/v2\/product_cat?post=924"},{"taxonomy":"product_tag","embeddable":true,"href":"https:\/\/phukienvungtau68.com\/index.php\/wp-json\/wp\/v2\/product_tag?post=924"}],"curies":[{"name":"wp","href":"https:\/\/api.w.org\/{rel}","templated":true}]}}