{"id":956,"date":"2021-12-17T22:45:36","date_gmt":"2021-12-17T15:45:36","guid":{"rendered":"http:\/\/phukienvungtau68.com\/?post_type=product&#038;p=956"},"modified":"2023-06-28T17:18:15","modified_gmt":"2023-06-28T10:18:15","slug":"tai-nghe-bluetooth-borofone-bw03-plus-phien-ban-airpods-pro-cao-cap-hang-chinh-hang","status":"publish","type":"product","link":"https:\/\/phukienvungtau68.com\/index.php\/product\/tai-nghe-bluetooth-borofone-bw03-plus-phien-ban-airpods-pro-cao-cap-hang-chinh-hang\/","title":{"rendered":"Tai nghe bluetooth Borofone BW03 Plus Phi\u00ean b\u1ea3n airpods pro&hellip;"},"content":{"rendered":"<p>Tai nghe bluetooth Borofone BW03 Plus Phi\u00ean b\u1ea3n airpods pro cao c\u1ea5p h\u00e0ng ch\u00ednh h\u00e3ng<\/p>\n<p>\ud83d\udca5 Th\u00f4ng tin s\u1ea3n ph\u1ea9m<br \/>\n&#8211; Tai nghe TWS Bluetooth 5.1 BW03 Borofone<br \/>\n&#8211; Bluetooth 5.1;Chip JL AC6973<br \/>\n&#8211; Pin 3,5 &#8211; 4 gi\u1edd<br \/>\n&#8211; Dung l\u01b0\u1ee3ng pin: 300mAh; 30mAh (tai \u0111\u01a1n)<br \/>\n&#8211; \u00e2m thanh hay, r\u00f5 n\u00e9t, tr\u1ea7m \u1ea5m.<br \/>\n&#8211; K\u1ebft n\u1ed1i t\u1ef1 \u0111\u1ed9ng popup nh\u01b0 airpods<br \/>\n&#8211; C\u1ea3m \u1ee9ng ch\u1ea1m nh\u01b0 airpods pro<br \/>\n&#8211; K\u00edch th\u01b0\u1edbc : 60.6*45.2*21.7mm, Tr\u1ecdng l\u01b0\u1ee3ng: 57g<br \/>\n&#8211; \u0110\u1ecbnh v\u1ecb tai nghe, \u0111\u1ed5i t\u00ean bluetooth<br \/>\n&#8211; H\u1ed7 tr\u1ee3 s\u1ea1c kh\u00f4ng d\u00e2y<\/p>\n<p>\ud83d\udca5 Th\u00f4ng tin b\u1ea3o h\u00e0nh<br \/>\n\u2714 Th\u1eddi gian b\u1ea3o h\u00e0nh: 3 th\u00e1ng<br \/>\n\u2714 H\u00ecnh th\u1ee9c b\u1ea3o h\u00e0nh: 1 \u0111\u1ed5i 1<\/p>\n<div dir=\"auto\"><span class=\"x3nfvp2 x1j61x8r x1fcty0u xdj266r xhhsvwb xat24cr xgzva0m xxymvpz xlup9mm x1kky2od\"><img loading=\"lazy\" src=\"https:\/\/static.xx.fbcdn.net\/images\/emoji.php\/v9\/tbe\/1\/16\/1f3c6.png\" alt=\"\ud83c\udfc6\" width=\"16\" height=\"16\" \/><\/span> G\u1ea5u shop &#8211; Chuy\u00ean ph\u1ee5 ki\u1ec7n \u0111i\u1ec7n tho\u1ea1i, \u0111\u1ed3 c\u00f4ng ngh\u1ec7<\/div>\n<div dir=\"auto\"><span class=\"x3nfvp2 x1j61x8r x1fcty0u xdj266r xhhsvwb xat24cr xgzva0m xxymvpz xlup9mm x1kky2od\"><img loading=\"lazy\" src=\"https:\/\/static.xx.fbcdn.net\/images\/emoji.php\/v9\/t22\/1\/16\/260e.png\" alt=\"\u260e\ufe0f\" width=\"16\" height=\"16\" \/><\/span> S\u0110T: 0797 180 750 &#8211; 033 95 333 75 (Zalo)<\/div>\n<div dir=\"auto\"><span class=\"x3nfvp2 x1j61x8r x1fcty0u xdj266r xhhsvwb xat24cr xgzva0m xxymvpz xlup9mm x1kky2od\"><img loading=\"lazy\" src=\"https:\/\/static.xx.fbcdn.net\/images\/emoji.php\/v9\/tf6\/1\/16\/1f3e0.png\" alt=\"\ud83c\udfe0\" width=\"16\" height=\"16\" \/><\/span> \u0110c: 213\/3\/1B L\u00ea H\u1ed3ng Phong &#8211; Ph\u01b0\u1eddng 8 &#8211; V\u0169ng T\u00e0u &#8211; BRVT.<\/div>\n<div dir=\"auto\"><span class=\"x3nfvp2 x1j61x8r x1fcty0u xdj266r xhhsvwb xat24cr xgzva0m xxymvpz xlup9mm x1kky2od\"><img loading=\"lazy\" src=\"https:\/\/static.xx.fbcdn.net\/images\/emoji.php\/v9\/tc0\/1\/16\/1f30e.png\" alt=\"\ud83c\udf0e\" width=\"16\" height=\"16\" \/><\/span> Website: <a class=\"x1i10hfl xjbqb8w x6umtig x1b1mbwd xaqea5y xav7gou x9f619 x1ypdohk xt0psk2 xe8uvvx xdj266r x11i5rnm xat24cr x1mh8g0r xexx8yu x4uap5 x18d9i69 xkhd6sd x16tdsg8 x1hl2dhg xggy1nq x1a2a7pz xt0b8zv x1fey0fg\" role=\"link\" href=\"http:\/\/phukienvungtau68.com\/?fbclid=IwAR2wRhSr0UIdFE0leNYrt-po4OyNt2dpVM00osxDYkJiOCqcVO8kRPb0EYY\" target=\"_blank\" rel=\"nofollow noopener noreferrer\">Phukienvungtau68.com<\/a><\/div>\n","protected":false},"excerpt":{"rendered":"<p>Tai nghe bluetooth Borofone BW03 Plus Phi\u00ean b\u1ea3n airpods pro cao c\u1ea5p h\u00e0ng ch\u00ednh h\u00e3ng \ud83d\udca5 Th\u00f4ng tin s\u1ea3n ph\u1ea9m &#8211; Tai nghe TWS Bluetooth 5.1 BW03 Borofone &#8211; Bluetooth 5.1;Chip JL AC6973 &#8211; Pin 3,5 &#8211; 4 gi\u1edd &#8211; Dung l\u01b0\u1ee3ng pin: 300mAh; 30mAh (tai \u0111\u01a1n) &#8211; \u00e2m thanh hay, r\u00f5 n\u00e9t, tr\u1ea7m \u1ea5m.<\/p>\n","protected":false},"featured_media":965,"template":"","meta":{"om_disable_all_campaigns":false,"_monsterinsights_skip_tracking":false,"_monsterinsights_sitenote_active":false,"_monsterinsights_sitenote_note":"","_monsterinsights_sitenote_category":0},"product_cat":[18],"product_tag":[],"_links":{"self":[{"href":"https:\/\/phukienvungtau68.com\/index.php\/wp-json\/wp\/v2\/product\/956"}],"collection":[{"href":"https:\/\/phukienvungtau68.com\/index.php\/wp-json\/wp\/v2\/product"}],"about":[{"href":"https:\/\/phukienvungtau68.com\/index.php\/wp-json\/wp\/v2\/types\/product"}],"wp:featuredmedia":[{"embeddable":true,"href":"https:\/\/phukienvungtau68.com\/index.php\/wp-json\/wp\/v2\/media\/965"}],"wp:attachment":[{"href":"https:\/\/phukienvungtau68.com\/index.php\/wp-json\/wp\/v2\/media?parent=956"}],"wp:term":[{"taxonomy":"product_cat","embeddable":true,"href":"https:\/\/phukienvungtau68.com\/index.php\/wp-json\/wp\/v2\/product_cat?post=956"},{"taxonomy":"product_tag","embeddable":true,"href":"https:\/\/phukienvungtau68.com\/index.php\/wp-json\/wp\/v2\/product_tag?post=956"}],"curies":[{"name":"wp","href":"https:\/\/api.w.org\/{rel}","templated":true}]}}