{"id":967,"date":"2022-01-03T00:50:06","date_gmt":"2022-01-02T17:50:06","guid":{"rendered":"http:\/\/phukienvungtau68.com\/?post_type=product&#038;p=967"},"modified":"2024-05-02T10:37:10","modified_gmt":"2024-05-02T03:37:10","slug":"tai-nghe-co-day-chinh-hang-earldom-et-e26-bass-manh-chan-tron-35mm","status":"publish","type":"product","link":"https:\/\/phukienvungtau68.com\/index.php\/product\/tai-nghe-co-day-chinh-hang-earldom-et-e26-bass-manh-chan-tron-35mm\/","title":{"rendered":"Tai nghe c\u00f3 d\u00e2y ch\u00ednh h\u00e3ng Earldom ET-E26 Bass m\u1ea1nh&hellip;"},"content":{"rendered":"<p>Tai nghe c\u00f3 d\u00e2y ch\u00ednh h\u00e3ng Bass m\u1ea1nh Earldom ET-E26 ch\u00e2n tr\u00f2n 3,5mm &#8211; B\u1ea3o h\u00e0nh l\u00ean \u0111\u1ebfn 6 Th\u00e1ng<br \/>\n\ud83d\udca5 Th\u00f4ng tin s\u1ea3n ph\u1ea9m<br \/>\n&#8211; \u00c2m thanh nghe hay, r\u1ea5t \u1ea5m, bass treble hay kh\u00f4ng b\u1ecb tr\u00f3i tai.<\/p>\n<p>&#8211; V\u1edbi thi\u1ebft k\u1ebf mang \u0111\u1eadm ch\u1ea5t c\u1ed5 \u0111i\u1ec3n, chi\u1ebfc tai nghe s\u1ebd mang l\u1ea1i s\u1ef1 tr\u1ea3i nghi\u1ec7m tuy\u1ec7t v\u1eddi cho c\u00e1c t\u00edn \u0111\u1ed3 \u00e2m nh\u1ea1c kh\u00f4ng th\u00edch d\u00f9ng n\u00fam cao su ch\u1ed1ng \u1ed3n<br \/>\n&#8211; L\u00e0 m\u1ed9t s\u1ea3n ph\u1ea9m tuy\u1ec7t v\u1eddi \u0111\u1ec3 s\u1eed d\u1ee5ng cho m\u1ee5c \u0111\u00edch gi\u1ea3i tr\u00ed cho b\u1ea1n nh\u01b0 ch\u01a1i game mobile, nghe nh\u1ea1c, &#8230;<br \/>\n&#8211; S\u1ea3n ph\u1ea9m ch\u1ea5t l\u01b0\u1ee3ng \u00e2m thanh t\u1ed1t v\u1edbi ch\u00fac n\u0103ng \u0111\u00e0m tho\u1ea1i, t\u0103ng gi\u1ea3m \u00e2m l\u01b0\u1ee3ng<br \/>\n&#8211; V\u1edbi vi\u1ec7c s\u1eed d\u1ee5ng ch\u00e2n c\u1eafm 3.5 r\u1ea5t th\u00edch h\u1ee3p v\u1edbi nhi\u1ec1u d\u00f2ng \u0111i\u1ec7n tho\u1ea1i smartphone hi\u1ec7n nay<br \/>\n&#8211; T\u1ea7n s\u1ed1 c\u1ee7a s\u1ea3n ph\u1ea9m \u0111\u1ea1t m\u1ee9c 20Hz-20KHz<br \/>\n&#8211; Vi\u1ec7c s\u1eed d\u1ee5ng c\u00e1c v\u1eady li\u1ec7u nh\u1ef1a cao c\u1ea5p nh\u1ea5t gi\u00fap s\u1ea3n ph\u1ea9m ch\u1ed1ng g\u1eadp g\u00e3y v\u00e0 s\u1eed d\u1ee5ng l\u00e2u d\u00e0i<\/p>\n<p>\ud83d\udca5 Th\u00f4ng tin b\u1ea3o h\u00e0nh<br \/>\n\u2714 Th\u1eddi gian b\u1ea3o h\u00e0nh: 6 th\u00e1ng<br \/>\n\u2714 H\u00ecnh th\u1ee9c b\u1ea3o h\u00e0nh: 1 \u0111\u1ed5i 1<\/p>\n<p>\ud83c\udfe0 G\u1ea5u shop \u2013 Chuy\u00ean ph\u1ee5 ki\u1ec7n \u0111i\u1ec7n tho\u1ea1i, \u0111\u1ed3 c\u00f4ng ngh\u1ec7 h\u00e0ng ch\u00ednh h\u00e3ng b\u1ea3o h\u00e0nh l\u00ean \u0111\u1ebfn 12 th\u00e1ng<br \/>\n\u2714\ufe0f Ship h\u00e0ng to\u00e0n qu\u1ed1c \u2013 ki\u1ec3m tra h\u00e0ng thanh to\u00e1n.<br \/>\n\u2714\ufe0f Ph\u1ee5 ki\u1ec7n Iphone, Samsung, oppo.<br \/>\n\u2714\ufe0f C\u1ee7 s\u1ea1c, d\u00e2y s\u1ea1c.<br \/>\n\u2714\ufe0f Pin s\u1ea1c d\u1ef1 ph\u00f2ng 10.000 \u2013 20.000 mah.<br \/>\n\u2714\ufe0f Loa Bluetooth, karaoke.<br \/>\n\u2714\ufe0f Tai nghe Bluetooth airpods, inpods 12, Hoco, Vivan.<br \/>\n\u2714\ufe0f \u1ed0p l\u01b0ng, c\u01b0\u1eddng l\u1ef1c \u0111i\u1ec7n tho\u1ea1i, \u1ed1p tai nghe airpods.<br \/>\n\u260e\ufe0f Hotline: 0797 180 750 (zalo) \u2013 033 95 333 75<br \/>\n\ud83c\udfe0 \u0110c: 213\/3\/1B L\u00ea H\u1ed3ng Phong, Ph\u01b0\u1eddng 8, Tp. V\u0169ng T\u00e0u, BRVT.<\/p>\n","protected":false},"excerpt":{"rendered":"<p>Tai nghe c\u00f3 d\u00e2y ch\u00ednh h\u00e3ng Bass m\u1ea1nh Earldom ET-E26 ch\u00e2n tr\u00f2n 3,5mm &#8211; B\u1ea3o h\u00e0nh l\u00ean \u0111\u1ebfn 6 Th\u00e1ng \ud83d\udca5 Th\u00f4ng tin s\u1ea3n ph\u1ea9m &#8211; \u00c2m thanh nghe hay, r\u1ea5t \u1ea5m, bass treble hay kh\u00f4ng b\u1ecb tr\u00f3i tai. &#8211; V\u1edbi thi\u1ebft k\u1ebf mang \u0111\u1eadm ch\u1ea5t c\u1ed5 \u0111i\u1ec3n, chi\u1ebfc tai nghe s\u1ebd mang l\u1ea1i s\u1ef1<\/p>\n","protected":false},"featured_media":968,"template":"","meta":{"om_disable_all_campaigns":false,"_monsterinsights_skip_tracking":false,"_monsterinsights_sitenote_active":false,"_monsterinsights_sitenote_note":"","_monsterinsights_sitenote_category":0},"product_cat":[19],"product_tag":[],"_links":{"self":[{"href":"https:\/\/phukienvungtau68.com\/index.php\/wp-json\/wp\/v2\/product\/967"}],"collection":[{"href":"https:\/\/phukienvungtau68.com\/index.php\/wp-json\/wp\/v2\/product"}],"about":[{"href":"https:\/\/phukienvungtau68.com\/index.php\/wp-json\/wp\/v2\/types\/product"}],"wp:featuredmedia":[{"embeddable":true,"href":"https:\/\/phukienvungtau68.com\/index.php\/wp-json\/wp\/v2\/media\/968"}],"wp:attachment":[{"href":"https:\/\/phukienvungtau68.com\/index.php\/wp-json\/wp\/v2\/media?parent=967"}],"wp:term":[{"taxonomy":"product_cat","embeddable":true,"href":"https:\/\/phukienvungtau68.com\/index.php\/wp-json\/wp\/v2\/product_cat?post=967"},{"taxonomy":"product_tag","embeddable":true,"href":"https:\/\/phukienvungtau68.com\/index.php\/wp-json\/wp\/v2\/product_tag?post=967"}],"curies":[{"name":"wp","href":"https:\/\/api.w.org\/{rel}","templated":true}]}}