{"id":985,"date":"2022-01-03T01:27:28","date_gmt":"2022-01-02T18:27:28","guid":{"rendered":"http:\/\/phukienvungtau68.com\/?post_type=product&#038;p=985"},"modified":"2022-01-03T01:27:28","modified_gmt":"2022-01-02T18:27:28","slug":"tai-nghe-co-day-nhet-tai-chinh-hanearldom-e18-ket-noi-jack-3-5mm-thiet-ke-tre-trung-sanh-dieu","status":"publish","type":"product","link":"https:\/\/phukienvungtau68.com\/index.php\/product\/tai-nghe-co-day-nhet-tai-chinh-hanearldom-e18-ket-noi-jack-3-5mm-thiet-ke-tre-trung-sanh-dieu\/","title":{"rendered":"Tai nghe c\u00f3 d\u00e2y nh\u00e9t tai ch\u00ednh h\u00e3nEarldom E18 k\u1ebft&hellip;"},"content":{"rendered":"<p>Tai nghe c\u00f3 d\u00e2y nh\u00e9t tai ch\u00ednh h\u00e3nEarldom E18 k\u1ebft n\u1ed1i jack 3.5mm thi\u1ebft k\u1ebf tr\u1ebb trung s\u00e0nh \u0111i\u1ec7u d\u00f9ng cho laptop \u0111i\u1ec7n tho\u1ea1i<br \/>\n\ud83d\udca5 Th\u00f4ng tin s\u1ea3n ph\u1ea9m<br \/>\nTai Nghe C\u00f3 D\u00e2y Earldom E18<br \/>\n&#8211; Tai nghe nh\u00e9t tai Earldom E18 c\u00f3 thi\u1ebft k\u1ebf gi\u1ed1ng tai nghe iPhone s\u1eed d\u1ee5ng jack chuy\u1ec3n \u0111\u1ed5i 3.5mm gi\u00fap d\u1ec5 d\u00e0ng k\u1ebft n\u1ed1i v\u1edbi c\u00e1c lo\u1ea1i thi\u1ebft b\u1ecb c\u00f3 tr\u00ean th\u1ecb tr\u01b0\u1eddng<br \/>\n&#8211; Tai nghe c\u00f3 ch\u1ea5t l\u01b0\u1ee3ng \u00e2m thanh t\u1ed1t v\u1edbi \u00e2m bass s\u00e2u, \u00e2m treble t\u01b0\u01a1i s\u00e1ng gi\u00fap b\u1ea1n gi\u1ea3i tr\u00ed sau m\u1ed9t ng\u00e0y l\u00e0m vi\u1ec7c m\u1ec7t m\u1ecfi<br \/>\n&#8211; Tai nghe c\u00f3 d\u00e2y s\u1eed d\u1ee5ng v\u1eadt li\u1ec7u b\u1ecdc ngo\u00e0i d\u00e2y tai nghe l\u00e0 nh\u1ef1a cao c\u1ea5p TPE gi\u00fap gi\u1ea3m thi\u1ec3u t\u00ecnh tr\u1ea1ng \u0111\u1ee9t g\u00e3y v\u00e0 c\u00f3 \u0111\u1ed9 b\u1ec1n cao<br \/>\nTh\u00f4ng s\u1ed1 k\u1ef9 thu\u1eadt<br \/>\n+ Chi\u1ec1u d\u00e0i: 1,2m<br \/>\n+ H\u1ed7 tr\u1ee3 \u0111\u00e0m tho\u1ea1i: C\u00f3<br \/>\n+ Jack chuy\u1ec3n \u0111\u1ed5i: 3.5m<\/p>\n<p>\ud83d\udca5 Th\u00f4ng tin b\u1ea3o h\u00e0nh<br \/>\n\u2714 Th\u1eddi gian b\u1ea3o h\u00e0nh: 6 th\u00e1ng<br \/>\n\u2714 H\u00ecnh th\u1ee9c b\u1ea3o h\u00e0nh: 1 \u0111\u1ed5i 1<\/p>\n<p>\ud83c\udfe0 G\u1ea5u shop \u2013 Chuy\u00ean ph\u1ee5 ki\u1ec7n \u0111i\u1ec7n tho\u1ea1i, \u0111\u1ed3 c\u00f4ng ngh\u1ec7 h\u00e0ng ch\u00ednh h\u00e3ng b\u1ea3o h\u00e0nh l\u00ean \u0111\u1ebfn 12 th\u00e1ng<br \/>\n\u2714\ufe0f Ship h\u00e0ng to\u00e0n qu\u1ed1c \u2013 ki\u1ec3m tra h\u00e0ng thanh to\u00e1n.<br \/>\n\u2714\ufe0f Ph\u1ee5 ki\u1ec7n Iphone, Samsung, oppo.<br \/>\n\u2714\ufe0f C\u1ee7 s\u1ea1c, d\u00e2y s\u1ea1c.<br \/>\n\u2714\ufe0f Pin s\u1ea1c d\u1ef1 ph\u00f2ng 10.000 \u2013 20.000 mah.<br \/>\n\u2714\ufe0f Loa Bluetooth, karaoke.<br \/>\n\u2714\ufe0f Tai nghe Bluetooth airpods, inpods 12, Hoco, Vivan.<br \/>\n\u2714\ufe0f \u1ed0p l\u01b0ng, c\u01b0\u1eddng l\u1ef1c \u0111i\u1ec7n tho\u1ea1i, \u1ed1p tai nghe airpods.<br \/>\n\u260e\ufe0f Hotline: 0797 180 750 (zalo) \u2013 033 95 333 75<br \/>\n\ud83c\udfe0 \u0110c: 213\/3\/1B L\u00ea H\u1ed3ng Phong, Ph\u01b0\u1eddng 8, Tp. V\u0169ng T\u00e0u, BRVT.<\/p>\n","protected":false},"excerpt":{"rendered":"<p>Tai nghe c\u00f3 d\u00e2y nh\u00e9t tai ch\u00ednh h\u00e3nEarldom E18 k\u1ebft n\u1ed1i jack 3.5mm thi\u1ebft k\u1ebf tr\u1ebb trung s\u00e0nh \u0111i\u1ec7u d\u00f9ng cho laptop \u0111i\u1ec7n tho\u1ea1i \ud83d\udca5 Th\u00f4ng tin s\u1ea3n ph\u1ea9m Tai Nghe C\u00f3 D\u00e2y Earldom E18 &#8211; Tai nghe nh\u00e9t tai Earldom E18 c\u00f3 thi\u1ebft k\u1ebf gi\u1ed1ng tai nghe iPhone s\u1eed d\u1ee5ng jack chuy\u1ec3n \u0111\u1ed5i 3.5mm<\/p>\n","protected":false},"featured_media":986,"template":"","meta":{"om_disable_all_campaigns":false,"_monsterinsights_skip_tracking":false,"_monsterinsights_sitenote_active":false,"_monsterinsights_sitenote_note":"","_monsterinsights_sitenote_category":0},"product_cat":[19],"product_tag":[],"_links":{"self":[{"href":"https:\/\/phukienvungtau68.com\/index.php\/wp-json\/wp\/v2\/product\/985"}],"collection":[{"href":"https:\/\/phukienvungtau68.com\/index.php\/wp-json\/wp\/v2\/product"}],"about":[{"href":"https:\/\/phukienvungtau68.com\/index.php\/wp-json\/wp\/v2\/types\/product"}],"wp:featuredmedia":[{"embeddable":true,"href":"https:\/\/phukienvungtau68.com\/index.php\/wp-json\/wp\/v2\/media\/986"}],"wp:attachment":[{"href":"https:\/\/phukienvungtau68.com\/index.php\/wp-json\/wp\/v2\/media?parent=985"}],"wp:term":[{"taxonomy":"product_cat","embeddable":true,"href":"https:\/\/phukienvungtau68.com\/index.php\/wp-json\/wp\/v2\/product_cat?post=985"},{"taxonomy":"product_tag","embeddable":true,"href":"https:\/\/phukienvungtau68.com\/index.php\/wp-json\/wp\/v2\/product_tag?post=985"}],"curies":[{"name":"wp","href":"https:\/\/api.w.org\/{rel}","templated":true}]}}